{"id":2199,"date":"2025-07-22T12:33:52","date_gmt":"2025-07-22T12:33:52","guid":{"rendered":"https:\/\/proco.se\/documents\/"},"modified":"2026-04-26T10:44:06","modified_gmt":"2026-04-26T10:44:06","slug":"documents","status":"publish","type":"page","link":"https:\/\/proco.se\/en\/documents\/","title":{"rendered":"Documents"},"content":{"rendered":"\n<div>\n<div class=\"gb-element-274f9607\">\n<div class=\"gb-element-76a1cb76\">\n<div class=\"gb-element-49c119b9\">\n<div>\n<h1 class=\"gb-text\">Documents<\/h1>\n<\/div>\n\n\n\n<div class=\"gb-element-e16f13d8\">\n<p>Here you can access technical documentation and information materials in the form of brochures, images, and videos. Under News Archive you will find previous newsletters and press releases.<\/p>\n\n\n\n<h5 class=\"gb-text-fa3da4e0\"><span class=\"gb-text\"><a href=\"https:\/\/proco.se\/en\/technical-documentation\/\" data-type=\"page\" data-id=\"1647\">Technical Documentation<\/a><\/span><span class=\"gb-shape\"><!--?xml version=\"1.0\" encoding=\"utf-8\"?-->\n<!-- Generator: Adobe Illustrator 27.9.0, SVG Export Plug-In . SVG Version: 6.00 Build 0)  -->\n<svg version=\"1.1\" id=\"Lager_1\" x=\"0px\" y=\"0px\" viewbox=\"0 0 223.3 254.9\" style=\"enable-background:new 0 0 223.3 254.9;\" space=\"preserve\">\n<style type=\"text\/css\">\n\t.st0{enable-background:new    ;}\n\t.st1{fill:#ED5906;}\n<\/style>\n<g class=\"st0\">\n\t<path class=\"st1\" d=\"M160.2,133H10.1v-32.5h150.1l-53.1-53.1h41.9l68.7,69v0.9l-68.7,69h-41.9L160.2,133z\"><\/path>\n<\/g>\n<\/svg><\/span><\/h5>\n\n\n\n<h5 class=\"gb-text-63aa2d8a\"><span class=\"gb-text\"><a href=\"https:\/\/proco.se\/en\/news-archive\/\" data-type=\"page\" data-id=\"1649\">News Archive<\/a><\/span><span class=\"gb-shape\"><!--?xml version=\"1.0\" encoding=\"utf-8\"?-->\n<!-- Generator: Adobe Illustrator 27.9.0, SVG Export Plug-In . SVG Version: 6.00 Build 0)  -->\n<svg version=\"1.1\" id=\"Lager_1\" x=\"0px\" y=\"0px\" viewbox=\"0 0 223.3 254.9\" style=\"enable-background:new 0 0 223.3 254.9;\" space=\"preserve\">\n<style type=\"text\/css\">\n\t.st0{enable-background:new    ;}\n\t.st1{fill:#ED5906;}\n<\/style>\n<g class=\"st0\">\n\t<path class=\"st1\" d=\"M160.2,133H10.1v-32.5h150.1l-53.1-53.1h41.9l68.7,69v0.9l-68.7,69h-41.9L160.2,133z\"><\/path>\n<\/g>\n<\/svg><\/span><\/h5>\n\n\n\n<h5 class=\"gb-text-fcdc1b35\"><span class=\"gb-text\"><a href=\"https:\/\/proco.se\/en\/product-sheet\/\" data-type=\"page\" data-id=\"1651\">Product Sheets<\/a><\/span><span class=\"gb-shape\"><!--?xml version=\"1.0\" encoding=\"utf-8\"?-->\n<!-- Generator: Adobe Illustrator 27.9.0, SVG Export Plug-In . SVG Version: 6.00 Build 0)  -->\n<svg version=\"1.1\" id=\"Lager_1\" x=\"0px\" y=\"0px\" viewbox=\"0 0 223.3 254.9\" style=\"enable-background:new 0 0 223.3 254.9;\" space=\"preserve\">\n<style type=\"text\/css\">\n\t.st0{enable-background:new    ;}\n\t.st1{fill:#ED5906;}\n<\/style>\n<g class=\"st0\">\n\t<path class=\"st1\" d=\"M160.2,133H10.1v-32.5h150.1l-53.1-53.1h41.9l68.7,69v0.9l-68.7,69h-41.9L160.2,133z\"><\/path>\n<\/g>\n<\/svg><\/span><\/h5>\n\n\n\n<h5 class=\"gb-text-e2258068\"><span class=\"gb-text\"><a href=\"https:\/\/proco.se\/broschyrer\/\" data-type=\"page\" data-id=\"1653\">Brochures<\/a><\/span><span class=\"gb-shape\"><!--?xml version=\"1.0\" encoding=\"utf-8\"?-->\n<!-- Generator: Adobe Illustrator 27.9.0, SVG Export Plug-In . SVG Version: 6.00 Build 0)  -->\n<svg version=\"1.1\" id=\"Lager_1\" x=\"0px\" y=\"0px\" viewbox=\"0 0 223.3 254.9\" style=\"enable-background:new 0 0 223.3 254.9;\" space=\"preserve\">\n<style type=\"text\/css\">\n\t.st0{enable-background:new    ;}\n\t.st1{fill:#ED5906;}\n<\/style>\n<g class=\"st0\">\n\t<path class=\"st1\" d=\"M160.2,133H10.1v-32.5h150.1l-53.1-53.1h41.9l68.7,69v0.9l-68.7,69h-41.9L160.2,133z\"><\/path>\n<\/g>\n<\/svg><\/span><\/h5>\n\n\n\n<h5 class=\"gb-text-cc5df154\"><span class=\"gb-text\"><a href=\"https:\/\/proco.se\/en\/privacy-policy\/\" data-type=\"page\" data-id=\"1642\">Privacy Policy<\/a><\/span><span class=\"gb-shape\"><!--?xml version=\"1.0\" encoding=\"utf-8\"?-->\n<!-- Generator: Adobe Illustrator 27.9.0, SVG Export Plug-In . SVG Version: 6.00 Build 0)  -->\n<svg version=\"1.1\" id=\"Lager_1\" x=\"0px\" y=\"0px\" viewbox=\"0 0 223.3 254.9\" style=\"enable-background:new 0 0 223.3 254.9;\" space=\"preserve\">\n<style type=\"text\/css\">\n\t.st0{enable-background:new    ;}\n\t.st1{fill:#ED5906;}\n<\/style>\n<g class=\"st0\">\n\t<path class=\"st1\" d=\"M160.2,133H10.1v-32.5h150.1l-53.1-53.1h41.9l68.7,69v0.9l-68.7,69h-41.9L160.2,133z\"><\/path>\n<\/g>\n<\/svg><\/span><\/h5>\n<\/div>\n<\/div>\n<\/div>\n\n\n\n<div class=\"gb-element-ff61b306\">\n<figure class=\"wp-block-gallery has-nested-images columns-2 is-cropped wp-block-gallery-1 is-layout-flex wp-block-gallery-is-layout-flex\">\n<figure class=\"wp-block-image size-full\"><img loading=\"lazy\" decoding=\"async\" width=\"1400\" height=\"924\" data-id=\"1940\" src=\"https:\/\/proco.se\/wp-content\/uploads\/2025\/11\/proco_dokument_1.jpg\" alt=\"\" class=\"wp-image-1940\" srcset=\"https:\/\/proco.se\/wp-content\/uploads\/2025\/11\/proco_dokument_1.jpg 1400w, https:\/\/proco.se\/wp-content\/uploads\/2025\/11\/proco_dokument_1-300x198.jpg 300w, https:\/\/proco.se\/wp-content\/uploads\/2025\/11\/proco_dokument_1-1024x676.jpg 1024w, https:\/\/proco.se\/wp-content\/uploads\/2025\/11\/proco_dokument_1-768x507.jpg 768w\" sizes=\"auto, (max-width: 1400px) 100vw, 1400px\" \/><\/figure>\n\n\n\n<figure class=\"wp-block-image size-full\"><img loading=\"lazy\" decoding=\"async\" width=\"1400\" height=\"924\" data-id=\"1941\" src=\"https:\/\/proco.se\/wp-content\/uploads\/2025\/11\/proco_dokument_2.jpg\" alt=\"\" class=\"wp-image-1941\" srcset=\"https:\/\/proco.se\/wp-content\/uploads\/2025\/11\/proco_dokument_2.jpg 1400w, https:\/\/proco.se\/wp-content\/uploads\/2025\/11\/proco_dokument_2-300x198.jpg 300w, https:\/\/proco.se\/wp-content\/uploads\/2025\/11\/proco_dokument_2-1024x676.jpg 1024w, https:\/\/proco.se\/wp-content\/uploads\/2025\/11\/proco_dokument_2-768x507.jpg 768w\" sizes=\"auto, (max-width: 1400px) 100vw, 1400px\" \/><\/figure>\n\n\n\n<figure class=\"wp-block-image size-full\"><img loading=\"lazy\" decoding=\"async\" width=\"1400\" height=\"924\" data-id=\"1942\" src=\"https:\/\/proco.se\/wp-content\/uploads\/2025\/11\/proco_dokument_3.jpg\" alt=\"\" class=\"wp-image-1942\" srcset=\"https:\/\/proco.se\/wp-content\/uploads\/2025\/11\/proco_dokument_3.jpg 1400w, https:\/\/proco.se\/wp-content\/uploads\/2025\/11\/proco_dokument_3-300x198.jpg 300w, https:\/\/proco.se\/wp-content\/uploads\/2025\/11\/proco_dokument_3-1024x676.jpg 1024w, https:\/\/proco.se\/wp-content\/uploads\/2025\/11\/proco_dokument_3-768x507.jpg 768w\" sizes=\"auto, (max-width: 1400px) 100vw, 1400px\" \/><\/figure>\n\n\n\n<figure class=\"wp-block-image size-full\"><img loading=\"lazy\" decoding=\"async\" width=\"1400\" height=\"924\" data-id=\"1943\" src=\"https:\/\/proco.se\/wp-content\/uploads\/2025\/11\/proco_dokument_4.jpg\" alt=\"\" class=\"wp-image-1943\" srcset=\"https:\/\/proco.se\/wp-content\/uploads\/2025\/11\/proco_dokument_4.jpg 1400w, https:\/\/proco.se\/wp-content\/uploads\/2025\/11\/proco_dokument_4-300x198.jpg 300w, https:\/\/proco.se\/wp-content\/uploads\/2025\/11\/proco_dokument_4-1024x676.jpg 1024w, https:\/\/proco.se\/wp-content\/uploads\/2025\/11\/proco_dokument_4-768x507.jpg 768w\" sizes=\"auto, (max-width: 1400px) 100vw, 1400px\" \/><\/figure>\n\n\n\n<figure class=\"wp-block-image size-full\"><img loading=\"lazy\" decoding=\"async\" width=\"1400\" height=\"924\" data-id=\"1944\" src=\"https:\/\/proco.se\/wp-content\/uploads\/2025\/11\/proco_dokument_5.jpg\" alt=\"\" class=\"wp-image-1944\" srcset=\"https:\/\/proco.se\/wp-content\/uploads\/2025\/11\/proco_dokument_5.jpg 1400w, https:\/\/proco.se\/wp-content\/uploads\/2025\/11\/proco_dokument_5-300x198.jpg 300w, https:\/\/proco.se\/wp-content\/uploads\/2025\/11\/proco_dokument_5-1024x676.jpg 1024w, https:\/\/proco.se\/wp-content\/uploads\/2025\/11\/proco_dokument_5-768x507.jpg 768w\" sizes=\"auto, (max-width: 1400px) 100vw, 1400px\" \/><\/figure>\n\n\n\n<figure class=\"wp-block-image size-full\"><img loading=\"lazy\" decoding=\"async\" width=\"1400\" height=\"924\" data-id=\"1945\" src=\"https:\/\/proco.se\/wp-content\/uploads\/2025\/11\/proco_dokument_6.jpg\" alt=\"\" class=\"wp-image-1945\" srcset=\"https:\/\/proco.se\/wp-content\/uploads\/2025\/11\/proco_dokument_6.jpg 1400w, https:\/\/proco.se\/wp-content\/uploads\/2025\/11\/proco_dokument_6-300x198.jpg 300w, https:\/\/proco.se\/wp-content\/uploads\/2025\/11\/proco_dokument_6-1024x676.jpg 1024w, https:\/\/proco.se\/wp-content\/uploads\/2025\/11\/proco_dokument_6-768x507.jpg 768w\" sizes=\"auto, (max-width: 1400px) 100vw, 1400px\" \/><\/figure>\n\n\n\n<figure class=\"wp-block-image size-full\"><img loading=\"lazy\" decoding=\"async\" width=\"1400\" height=\"924\" data-id=\"1946\" src=\"https:\/\/proco.se\/wp-content\/uploads\/2025\/11\/proco_dokument_7.jpg\" alt=\"\" class=\"wp-image-1946\" srcset=\"https:\/\/proco.se\/wp-content\/uploads\/2025\/11\/proco_dokument_7.jpg 1400w, https:\/\/proco.se\/wp-content\/uploads\/2025\/11\/proco_dokument_7-300x198.jpg 300w, https:\/\/proco.se\/wp-content\/uploads\/2025\/11\/proco_dokument_7-1024x676.jpg 1024w, https:\/\/proco.se\/wp-content\/uploads\/2025\/11\/proco_dokument_7-768x507.jpg 768w\" sizes=\"auto, (max-width: 1400px) 100vw, 1400px\" \/><\/figure>\n\n\n\n<figure class=\"wp-block-image size-full\"><img loading=\"lazy\" decoding=\"async\" width=\"1400\" height=\"924\" data-id=\"1947\" src=\"https:\/\/proco.se\/wp-content\/uploads\/2025\/11\/proco_dokument_8.jpg\" alt=\"\" class=\"wp-image-1947\" srcset=\"https:\/\/proco.se\/wp-content\/uploads\/2025\/11\/proco_dokument_8.jpg 1400w, https:\/\/proco.se\/wp-content\/uploads\/2025\/11\/proco_dokument_8-300x198.jpg 300w, https:\/\/proco.se\/wp-content\/uploads\/2025\/11\/proco_dokument_8-1024x676.jpg 1024w, https:\/\/proco.se\/wp-content\/uploads\/2025\/11\/proco_dokument_8-768x507.jpg 768w\" sizes=\"auto, (max-width: 1400px) 100vw, 1400px\" \/><\/figure>\n<\/figure>\n<\/div>\n<\/div>\n<\/div>\n","protected":false},"excerpt":{"rendered":"<p>Documents Here you can access technical documentation and information materials in the form of brochures, images, and videos. Under News Archive you will find previous newsletters and press releases. Technical Documentation News Archive Product Sheets Brochures Privacy Policy<\/p>\n","protected":false},"author":1,"featured_media":0,"parent":0,"menu_order":0,"comment_status":"closed","ping_status":"closed","template":"","meta":{"_monsterinsights_skip_tracking":false,"_monsterinsights_sitenote_active":false,"_monsterinsights_sitenote_note":"","_monsterinsights_sitenote_category":0,"footnotes":""},"class_list":["post-2199","page","type-page","status-publish"],"yoast_head":"<!-- This site is optimized with the Yoast SEO plugin v27.4 - https:\/\/yoast.com\/product\/yoast-seo-wordpress\/ -->\n<title>Documents - Proco<\/title>\n<meta name=\"robots\" content=\"index, follow, max-snippet:-1, max-image-preview:large, max-video-preview:-1\" \/>\n<link rel=\"canonical\" href=\"https:\/\/proco.se\/en\/documents\/\" \/>\n<meta property=\"og:locale\" content=\"en_US\" \/>\n<meta property=\"og:type\" content=\"article\" \/>\n<meta property=\"og:title\" content=\"Documents - Proco\" \/>\n<meta property=\"og:description\" content=\"Documents Here you can access technical documentation and information materials in the form of brochures, images, and videos. Under News Archive you will find previous newsletters and press releases. Technical Documentation News Archive Product Sheets Brochures Privacy Policy\" \/>\n<meta property=\"og:url\" content=\"https:\/\/proco.se\/en\/documents\/\" \/>\n<meta property=\"og:site_name\" content=\"Proco\" \/>\n<meta property=\"article:publisher\" content=\"https:\/\/www.facebook.com\/procoservices\" \/>\n<meta property=\"article:modified_time\" content=\"2026-04-26T10:44:06+00:00\" \/>\n<meta property=\"og:image\" content=\"https:\/\/proco.se\/wp-content\/uploads\/2025\/11\/proco_dokument_1.jpg\" \/>\n\t<meta property=\"og:image:width\" content=\"1400\" \/>\n\t<meta property=\"og:image:height\" content=\"924\" \/>\n\t<meta property=\"og:image:type\" content=\"image\/jpeg\" \/>\n<meta name=\"twitter:card\" content=\"summary_large_image\" \/>\n<script type=\"application\/ld+json\" class=\"yoast-schema-graph\">{\"@context\":\"https:\\\/\\\/schema.org\",\"@graph\":[{\"@type\":\"WebPage\",\"@id\":\"https:\\\/\\\/proco.se\\\/en\\\/documents\\\/\",\"url\":\"https:\\\/\\\/proco.se\\\/en\\\/documents\\\/\",\"name\":\"Documents - Proco\",\"isPartOf\":{\"@id\":\"https:\\\/\\\/proco.se\\\/en\\\/#website\"},\"primaryImageOfPage\":{\"@id\":\"https:\\\/\\\/proco.se\\\/en\\\/documents\\\/#primaryimage\"},\"image\":{\"@id\":\"https:\\\/\\\/proco.se\\\/en\\\/documents\\\/#primaryimage\"},\"thumbnailUrl\":\"https:\\\/\\\/proco.se\\\/wp-content\\\/uploads\\\/2025\\\/11\\\/proco_dokument_1.jpg\",\"datePublished\":\"2025-07-22T12:33:52+00:00\",\"dateModified\":\"2026-04-26T10:44:06+00:00\",\"breadcrumb\":{\"@id\":\"https:\\\/\\\/proco.se\\\/en\\\/documents\\\/#breadcrumb\"},\"inLanguage\":\"en-US\",\"potentialAction\":[{\"@type\":\"ReadAction\",\"target\":[\"https:\\\/\\\/proco.se\\\/en\\\/documents\\\/\"]}]},{\"@type\":\"ImageObject\",\"inLanguage\":\"en-US\",\"@id\":\"https:\\\/\\\/proco.se\\\/en\\\/documents\\\/#primaryimage\",\"url\":\"https:\\\/\\\/proco.se\\\/wp-content\\\/uploads\\\/2025\\\/11\\\/proco_dokument_1.jpg\",\"contentUrl\":\"https:\\\/\\\/proco.se\\\/wp-content\\\/uploads\\\/2025\\\/11\\\/proco_dokument_1.jpg\"},{\"@type\":\"BreadcrumbList\",\"@id\":\"https:\\\/\\\/proco.se\\\/en\\\/documents\\\/#breadcrumb\",\"itemListElement\":[{\"@type\":\"ListItem\",\"position\":1,\"name\":\"Hem\",\"item\":\"https:\\\/\\\/proco.se\\\/en\\\/\"},{\"@type\":\"ListItem\",\"position\":2,\"name\":\"Documents\"}]},{\"@type\":\"WebSite\",\"@id\":\"https:\\\/\\\/proco.se\\\/en\\\/#website\",\"url\":\"https:\\\/\\\/proco.se\\\/en\\\/\",\"name\":\"Proco Services\",\"description\":\"H\u00e5llbara l\u00f6sningar f\u00f6r st\u00e4ndiga fl\u00f6den\",\"publisher\":{\"@id\":\"https:\\\/\\\/proco.se\\\/en\\\/#organization\"},\"alternateName\":\"Proco\",\"potentialAction\":[{\"@type\":\"SearchAction\",\"target\":{\"@type\":\"EntryPoint\",\"urlTemplate\":\"https:\\\/\\\/proco.se\\\/en\\\/?s={search_term_string}\"},\"query-input\":{\"@type\":\"PropertyValueSpecification\",\"valueRequired\":true,\"valueName\":\"search_term_string\"}}],\"inLanguage\":\"en-US\"},{\"@type\":\"Organization\",\"@id\":\"https:\\\/\\\/proco.se\\\/en\\\/#organization\",\"name\":\"Proco Services\",\"alternateName\":\"Proco\",\"url\":\"https:\\\/\\\/proco.se\\\/en\\\/\",\"logo\":{\"@type\":\"ImageObject\",\"inLanguage\":\"en-US\",\"@id\":\"https:\\\/\\\/proco.se\\\/en\\\/#\\\/schema\\\/logo\\\/image\\\/\",\"url\":\"https:\\\/\\\/proco.se\\\/wp-content\\\/uploads\\\/2025\\\/04\\\/Proco-Services-logotyp__rgb_negativ.png\",\"contentUrl\":\"https:\\\/\\\/proco.se\\\/wp-content\\\/uploads\\\/2025\\\/04\\\/Proco-Services-logotyp__rgb_negativ.png\",\"width\":842,\"height\":596,\"caption\":\"Proco Services\"},\"image\":{\"@id\":\"https:\\\/\\\/proco.se\\\/en\\\/#\\\/schema\\\/logo\\\/image\\\/\"},\"sameAs\":[\"https:\\\/\\\/www.facebook.com\\\/procoservices\"]}]}<\/script>\n<!-- \/ Yoast SEO plugin. -->","yoast_head_json":{"title":"Documents - Proco","robots":{"index":"index","follow":"follow","max-snippet":"max-snippet:-1","max-image-preview":"max-image-preview:large","max-video-preview":"max-video-preview:-1"},"canonical":"https:\/\/proco.se\/en\/documents\/","og_locale":"en_US","og_type":"article","og_title":"Documents - Proco","og_description":"Documents Here you can access technical documentation and information materials in the form of brochures, images, and videos. Under News Archive you will find previous newsletters and press releases. Technical Documentation News Archive Product Sheets Brochures Privacy Policy","og_url":"https:\/\/proco.se\/en\/documents\/","og_site_name":"Proco","article_publisher":"https:\/\/www.facebook.com\/procoservices","article_modified_time":"2026-04-26T10:44:06+00:00","og_image":[{"width":1400,"height":924,"url":"https:\/\/proco.se\/wp-content\/uploads\/2025\/11\/proco_dokument_1.jpg","type":"image\/jpeg"}],"twitter_card":"summary_large_image","schema":{"@context":"https:\/\/schema.org","@graph":[{"@type":"WebPage","@id":"https:\/\/proco.se\/en\/documents\/","url":"https:\/\/proco.se\/en\/documents\/","name":"Documents - Proco","isPartOf":{"@id":"https:\/\/proco.se\/en\/#website"},"primaryImageOfPage":{"@id":"https:\/\/proco.se\/en\/documents\/#primaryimage"},"image":{"@id":"https:\/\/proco.se\/en\/documents\/#primaryimage"},"thumbnailUrl":"https:\/\/proco.se\/wp-content\/uploads\/2025\/11\/proco_dokument_1.jpg","datePublished":"2025-07-22T12:33:52+00:00","dateModified":"2026-04-26T10:44:06+00:00","breadcrumb":{"@id":"https:\/\/proco.se\/en\/documents\/#breadcrumb"},"inLanguage":"en-US","potentialAction":[{"@type":"ReadAction","target":["https:\/\/proco.se\/en\/documents\/"]}]},{"@type":"ImageObject","inLanguage":"en-US","@id":"https:\/\/proco.se\/en\/documents\/#primaryimage","url":"https:\/\/proco.se\/wp-content\/uploads\/2025\/11\/proco_dokument_1.jpg","contentUrl":"https:\/\/proco.se\/wp-content\/uploads\/2025\/11\/proco_dokument_1.jpg"},{"@type":"BreadcrumbList","@id":"https:\/\/proco.se\/en\/documents\/#breadcrumb","itemListElement":[{"@type":"ListItem","position":1,"name":"Hem","item":"https:\/\/proco.se\/en\/"},{"@type":"ListItem","position":2,"name":"Documents"}]},{"@type":"WebSite","@id":"https:\/\/proco.se\/en\/#website","url":"https:\/\/proco.se\/en\/","name":"Proco Services","description":"H\u00e5llbara l\u00f6sningar f\u00f6r st\u00e4ndiga fl\u00f6den","publisher":{"@id":"https:\/\/proco.se\/en\/#organization"},"alternateName":"Proco","potentialAction":[{"@type":"SearchAction","target":{"@type":"EntryPoint","urlTemplate":"https:\/\/proco.se\/en\/?s={search_term_string}"},"query-input":{"@type":"PropertyValueSpecification","valueRequired":true,"valueName":"search_term_string"}}],"inLanguage":"en-US"},{"@type":"Organization","@id":"https:\/\/proco.se\/en\/#organization","name":"Proco Services","alternateName":"Proco","url":"https:\/\/proco.se\/en\/","logo":{"@type":"ImageObject","inLanguage":"en-US","@id":"https:\/\/proco.se\/en\/#\/schema\/logo\/image\/","url":"https:\/\/proco.se\/wp-content\/uploads\/2025\/04\/Proco-Services-logotyp__rgb_negativ.png","contentUrl":"https:\/\/proco.se\/wp-content\/uploads\/2025\/04\/Proco-Services-logotyp__rgb_negativ.png","width":842,"height":596,"caption":"Proco Services"},"image":{"@id":"https:\/\/proco.se\/en\/#\/schema\/logo\/image\/"},"sameAs":["https:\/\/www.facebook.com\/procoservices"]}]}},"_links":{"self":[{"href":"https:\/\/proco.se\/en\/wp-json\/wp\/v2\/pages\/2199","targetHints":{"allow":["GET"]}}],"collection":[{"href":"https:\/\/proco.se\/en\/wp-json\/wp\/v2\/pages"}],"about":[{"href":"https:\/\/proco.se\/en\/wp-json\/wp\/v2\/types\/page"}],"author":[{"embeddable":true,"href":"https:\/\/proco.se\/en\/wp-json\/wp\/v2\/users\/1"}],"replies":[{"embeddable":true,"href":"https:\/\/proco.se\/en\/wp-json\/wp\/v2\/comments?post=2199"}],"version-history":[{"count":2,"href":"https:\/\/proco.se\/en\/wp-json\/wp\/v2\/pages\/2199\/revisions"}],"predecessor-version":[{"id":2213,"href":"https:\/\/proco.se\/en\/wp-json\/wp\/v2\/pages\/2199\/revisions\/2213"}],"wp:attachment":[{"href":"https:\/\/proco.se\/en\/wp-json\/wp\/v2\/media?parent=2199"}],"curies":[{"name":"wp","href":"https:\/\/api.w.org\/{rel}","templated":true}]}}