{"id":2176,"date":"2025-09-10T09:53:50","date_gmt":"2025-09-10T09:53:50","guid":{"rendered":"https:\/\/proco.se\/district-heating-and-district-cooling\/"},"modified":"2026-04-26T10:43:41","modified_gmt":"2026-04-26T10:43:41","slug":"district-heating-and-district-cooling","status":"publish","type":"page","link":"https:\/\/proco.se\/en\/district-heating-and-district-cooling\/","title":{"rendered":"District Heating and District Cooling"},"content":{"rendered":"\n<div class=\"gb-element-9d8d0099\">\n<img loading=\"lazy\" decoding=\"async\" width=\"1920\" height=\"1280\" class=\"gb-media-967bca06\" alt=\"proco services, district heating and district cooling\" src=\"https:\/\/proco.se\/wp-content\/uploads\/2025\/11\/Proco_services_fjarrvarme_fjarrkyla_s.jpg\" srcset=\"https:\/\/proco.se\/wp-content\/uploads\/2025\/11\/Proco_services_fjarrvarme_fjarrkyla_s.jpg 1920w, https:\/\/proco.se\/wp-content\/uploads\/2025\/11\/Proco_services_fjarrvarme_fjarrkyla_s-300x200.jpg 300w, https:\/\/proco.se\/wp-content\/uploads\/2025\/11\/Proco_services_fjarrvarme_fjarrkyla_s-1024x683.jpg 1024w, https:\/\/proco.se\/wp-content\/uploads\/2025\/11\/Proco_services_fjarrvarme_fjarrkyla_s-768x512.jpg 768w, https:\/\/proco.se\/wp-content\/uploads\/2025\/11\/Proco_services_fjarrvarme_fjarrkyla_s-1536x1024.jpg 1536w\" sizes=\"auto, (max-width: 1920px) 100vw, 1920px\" \/>\n<\/div>\n\n<div class=\"gb-element-0f756b5a daniel_innercontainer\">\n<div class=\"gb-element-45e6ccf2\">\n<div class=\"gb-element-160c808e\">\n<div>\n<h1 class=\"gb-text gb-text-5ec1121f\">District Heating<br>and District Cooling<\/h1>\n<\/div>\n\n\n\n<div class=\"gb-element-c4c0af67\">\n<p>Proco Services is engaged by companies and municipalities throughout the Nordic region to eliminate operational disruptions during expansion and repair work on district heating systems and networks. Every year, we perform hundreds of hot tapping and blocking operations for district heating and district cooling producers.<\/p>\n\n\n\n<p>Through our unique technology, the district heating system can continue to operate while the necessary work is being carried out. This ensures deliveries to residential areas as well as more sensitive operations such as hospitals and industrial facilities. <\/p>\n\n\n\n<p>Our working method also minimizes environmentally harmful emissions during maintenance or expansion of district heating and district cooling systems.<\/p>\n\n\n\n<p class=\"gb-text-934ef9fb\"><span class=\"gb-text\"><a href=\"https:\/\/proco.se\/kontakt\/\">Call or Send an Email<\/a><\/span><span class=\"gb-shape\"><!--?xml version=\"1.0\" encoding=\"utf-8\"?-->\n<!-- Generator: Adobe Illustrator 27.9.0, SVG Export Plug-In . SVG Version: 6.00 Build 0)  -->\n<svg version=\"1.1\" id=\"Lager_1\" x=\"0px\" y=\"0px\" viewbox=\"0 0 223.3 254.9\" style=\"enable-background:new 0 0 223.3 254.9;\" space=\"preserve\">\n<style type=\"text\/css\">\n\t.st0{enable-background:new    ;}\n\t.st1{fill:#ED5906;}\n<\/style>\n<g class=\"st0\">\n\t<path class=\"st1\" d=\"M160.2,133H10.1v-32.5h150.1l-53.1-53.1h41.9l68.7,69v0.9l-68.7,69h-41.9L160.2,133z\"><\/path>\n<\/g>\n<\/svg><\/span><\/p>\n\n\n\n<h5 class=\"gb-text\"><strong>Technical Specifications<\/strong><\/h5>\n\n\n\n<h5 class=\"gb-text\"><strong>Blocking<\/strong><\/h5>\n\n\n\n<p>\u2022 Main pipe dimension DN10\u2013DN800<br\/>\u2022 Larger blocking operations with partner assistance<br\/>\u2022 Pressure up to 25 bar and 150\u00b0C<br\/>\u2022 All common pipe materials<\/p>\n\n\n\n<h5 class=\"gb-text\"><strong>Examples of Customers<\/strong><\/h5>\n\n\n\n<p>Stockholm Exergi, Vattenfall, G\u00f6teborg Energi, \u00d6resundskraft, Kraftringen, Lyse Neo, Statkraft, Gotland Energi, Stockpipe, Lule\u00e5 Energi, Tran\u00e5s Energi, J\u00f6nk\u00f6ping Energi, Trollh\u00e4ttan Energi, S\u00f6derenergi, Sollentuna Energi, G\u00e4vle Energi, Sandviken Energi, Karlstad Energi.<\/p>\n\n\n\n<h5 class=\"gb-text\"><strong>Technical Specifications <\/strong><\/h5>\n\n\n\n<p class=\"gb-text-a3ec879b\"><span class=\"gb-text\">Removal of district heating chamber using Proco Services blocking technology. <a href=\"https:\/\/youtu.be\/7QILM3YGcs8\" target=\"_blank\" rel=\"noreferrer noopener\">Watch the Video on YouTube<\/a><\/span><span class=\"gb-shape\"><!--?xml version=\"1.0\" encoding=\"utf-8\"?-->\n<!-- Generator: Adobe Illustrator 27.9.0, SVG Export Plug-In . SVG Version: 6.00 Build 0)  -->\n<svg version=\"1.1\" id=\"Lager_1\" x=\"0px\" y=\"0px\" viewbox=\"0 0 223.3 254.9\" style=\"enable-background:new 0 0 223.3 254.9;\" space=\"preserve\">\n<style type=\"text\/css\">\n\t.st0{enable-background:new    ;}\n\t.st1{fill:#ED5906;}\n<\/style>\n<g class=\"st0\">\n\t<path class=\"st1\" d=\"M160.2,133H10.1v-32.5h150.1l-53.1-53.1h41.9l68.7,69v0.9l-68.7,69h-41.9L160.2,133z\"><\/path>\n<\/g>\n<\/svg><\/span><\/p>\n\n\n\n<p class=\"gb-text-85b19f5c\"><span class=\"gb-text\">Educational example of effective environmental work. <a href=\"https:\/\/youtu.be\/_0i9xDoY0oQ\" target=\"_blank\" rel=\"noreferrer noopener\">Watch the Video on YouTube<\/a><\/span><span class=\"gb-shape\"><!--?xml version=\"1.0\" encoding=\"utf-8\"?-->\n<!-- Generator: Adobe Illustrator 27.9.0, SVG Export Plug-In . SVG Version: 6.00 Build 0)  -->\n<svg version=\"1.1\" id=\"Lager_1\" x=\"0px\" y=\"0px\" viewbox=\"0 0 223.3 254.9\" style=\"enable-background:new 0 0 223.3 254.9;\" space=\"preserve\">\n<style type=\"text\/css\">\n\t.st0{enable-background:new    ;}\n\t.st1{fill:#ED5906;}\n<\/style>\n<g class=\"st0\">\n\t<path class=\"st1\" d=\"M160.2,133H10.1v-32.5h150.1l-53.1-53.1h41.9l68.7,69v0.9l-68.7,69h-41.9L160.2,133z\"><\/path>\n<\/g>\n<\/svg><\/span><\/p>\n<\/div>\n<\/div>\n<\/div>\n\n\n\n<div class=\"gb-element-f61e088d\">\n<div class=\"gb-element-8df1f7b3\">\n<div>\n<h1 class=\"gb-text gb-text-ed0d9e0b\">Reference Projects<\/h1>\n<\/div>\n\n\n\n<div class=\"gb-element-feeab94d\">\n<p><strong>Maintenance of District Heating Network in Upplands V\u00e4sby<\/strong><br\/>Prior to maintenance of the district heating network in Upplands V\u00e4sby, the municipality&#8217;s stormwater policy required that no contamination of stormwater could occur. Using our blocking technology, the maintenance could be carried out without negative environmental impact.<\/p>\n\n\n\n<p>Upplands V\u00e4sby municipality in northern Stockholm is environmentally certified according to ISO 14001 and continuously works toward a better environment. When six older valves were to be replaced in the municipality&#8217;s district heating network, the maintenance needed to be performed without discharge of contaminants into the stormwater.<\/p>\n\n\n\n<p>In order for the maintenance work to be carried out in accordance with the municipality&#8217;s environmental requirements, i.e., without draining and discharge of contaminated water, Proco Services was engaged to assist Stockholm Exergi.<\/p>\n\n\n\n<p>Thanks to thorough planning, our technicians were able to establish four simultaneous blocking operations for the replacement of four valves. Subsequently, two additional blocking operations could be performed at two of the previous intervention points, but in the opposite direction. This meant that the remaining valves could be replaced without impact on the nearby residential area.<\/p>\n\n\n\n<h5 class=\"gb-text-ab6bf005\"><span class=\"gb-text\"><a data-type=\"page\" data-id=\"1015\" href=\"https:\/\/proco.se\/kontakt\/\">Call or Send an Email<\/a><\/span><span class=\"gb-shape\"><!--?xml version=\"1.0\" encoding=\"utf-8\"?-->\n<!-- Generator: Adobe Illustrator 27.9.0, SVG Export Plug-In . SVG Version: 6.00 Build 0)  -->\n<svg version=\"1.1\" id=\"Lager_1\" x=\"0px\" y=\"0px\" viewbox=\"0 0 223.3 254.9\" style=\"enable-background:new 0 0 223.3 254.9;\" space=\"preserve\">\n<style type=\"text\/css\">\n\t.st0{enable-background:new    ;}\n\t.st1{fill:#ED5906;}\n<\/style>\n<g class=\"st0\">\n\t<path class=\"st1\" d=\"M160.2,133H10.1v-32.5h150.1l-53.1-53.1h41.9l68.7,69v0.9l-68.7,69h-41.9L160.2,133z\"><\/path>\n<\/g>\n<\/svg><\/span><\/h5>\n\n\n\n<h5 class=\"gb-text-a1358717\"><span class=\"gb-text\"><a data-type=\"page\" data-id=\"1011\" href=\"https:\/\/proco.se\/tjanster\/\">Read More About Our Sustainable Solutions<\/a><\/span><span class=\"gb-shape\"><!--?xml version=\"1.0\" encoding=\"utf-8\"?-->\n<!-- Generator: Adobe Illustrator 27.9.0, SVG Export Plug-In . SVG Version: 6.00 Build 0)  -->\n<svg version=\"1.1\" id=\"Lager_1\" x=\"0px\" y=\"0px\" viewbox=\"0 0 223.3 254.9\" style=\"enable-background:new 0 0 223.3 254.9;\" space=\"preserve\">\n<style type=\"text\/css\">\n\t.st0{enable-background:new    ;}\n\t.st1{fill:#ED5906;}\n<\/style>\n<g class=\"st0\">\n\t<path class=\"st1\" d=\"M160.2,133H10.1v-32.5h150.1l-53.1-53.1h41.9l68.7,69v0.9l-68.7,69h-41.9L160.2,133z\"><\/path>\n<\/g>\n<\/svg><\/span><\/h5>\n<\/div>\n<\/div>\n<\/div>\n<\/div>\n\n<img loading=\"lazy\" decoding=\"async\" width=\"1400\" height=\"948\" class=\"gb-media-b80f361a\" alt=\"\" src=\"https:\/\/proco.se\/wp-content\/uploads\/2025\/09\/procoservices_underhall_fjarrvarmenat.jpg\" title=\"procoservices_underhall_fjarrvarmenat\" srcset=\"https:\/\/proco.se\/wp-content\/uploads\/2025\/09\/procoservices_underhall_fjarrvarmenat.jpg 1400w, https:\/\/proco.se\/wp-content\/uploads\/2025\/09\/procoservices_underhall_fjarrvarmenat-300x203.jpg 300w, https:\/\/proco.se\/wp-content\/uploads\/2025\/09\/procoservices_underhall_fjarrvarmenat-1024x693.jpg 1024w, https:\/\/proco.se\/wp-content\/uploads\/2025\/09\/procoservices_underhall_fjarrvarmenat-768x520.jpg 768w\" sizes=\"auto, (max-width: 1400px) 100vw, 1400px\" \/>\n","protected":false},"excerpt":{"rendered":"<p>District Heatingand District Cooling Proco Services is engaged by companies and municipalities throughout the Nordic region to eliminate operational disruptions during expansion and repair work on district heating systems and networks. Every year, we perform hundreds of hot tapping and blocking operations for district heating and district cooling producers. Through our unique technology, the district &#8230; <a title=\"District Heating and District Cooling\" class=\"read-more\" href=\"https:\/\/proco.se\/en\/district-heating-and-district-cooling\/\" aria-label=\"Read more about District Heating and District Cooling\">Read more<\/a><\/p>\n","protected":false},"author":1,"featured_media":0,"parent":0,"menu_order":0,"comment_status":"closed","ping_status":"closed","template":"","meta":{"_monsterinsights_skip_tracking":false,"_monsterinsights_sitenote_active":false,"_monsterinsights_sitenote_note":"","_monsterinsights_sitenote_category":0,"footnotes":""},"class_list":["post-2176","page","type-page","status-publish"],"yoast_head":"<!-- This site is optimized with the Yoast SEO plugin v27.4 - https:\/\/yoast.com\/product\/yoast-seo-wordpress\/ -->\n<title>Hot Tapping and Blocking in District Heating and District Cooling<\/title>\n<meta name=\"description\" content=\"We perform hundreds of hot tapping and blocking operations for district heating and district cooling producers every year.\" \/>\n<meta name=\"robots\" content=\"index, follow, max-snippet:-1, max-image-preview:large, max-video-preview:-1\" \/>\n<link rel=\"canonical\" href=\"https:\/\/proco.se\/en\/district-heating-and-district-cooling\/\" \/>\n<meta property=\"og:locale\" content=\"en_US\" \/>\n<meta property=\"og:type\" content=\"article\" \/>\n<meta property=\"og:title\" content=\"Hot Tapping and Blocking in District Heating and District Cooling\" \/>\n<meta property=\"og:description\" content=\"We perform hundreds of hot tapping and blocking operations for district heating and district cooling producers every year.\" \/>\n<meta property=\"og:url\" content=\"https:\/\/proco.se\/en\/district-heating-and-district-cooling\/\" \/>\n<meta property=\"og:site_name\" content=\"Proco\" \/>\n<meta property=\"article:publisher\" content=\"https:\/\/www.facebook.com\/procoservices\" \/>\n<meta property=\"article:modified_time\" content=\"2026-04-26T10:43:41+00:00\" \/>\n<meta property=\"og:image\" content=\"https:\/\/proco.se\/wp-content\/uploads\/2025\/11\/Proco_services_fjarrvarme_fjarrkyla_s.jpg\" \/>\n<meta name=\"twitter:card\" content=\"summary_large_image\" \/>\n<meta name=\"twitter:label1\" content=\"Est. reading time\" \/>\n\t<meta name=\"twitter:data1\" content=\"2 minutes\" \/>\n<script type=\"application\/ld+json\" class=\"yoast-schema-graph\">{\"@context\":\"https:\\\/\\\/schema.org\",\"@graph\":[{\"@type\":\"WebPage\",\"@id\":\"https:\\\/\\\/proco.se\\\/en\\\/district-heating-and-district-cooling\\\/\",\"url\":\"https:\\\/\\\/proco.se\\\/en\\\/district-heating-and-district-cooling\\\/\",\"name\":\"Hot Tapping and Blocking in District Heating and District Cooling\",\"isPartOf\":{\"@id\":\"https:\\\/\\\/proco.se\\\/en\\\/#website\"},\"primaryImageOfPage\":{\"@id\":\"https:\\\/\\\/proco.se\\\/en\\\/district-heating-and-district-cooling\\\/#primaryimage\"},\"image\":{\"@id\":\"https:\\\/\\\/proco.se\\\/en\\\/district-heating-and-district-cooling\\\/#primaryimage\"},\"thumbnailUrl\":\"https:\\\/\\\/proco.se\\\/wp-content\\\/uploads\\\/2025\\\/11\\\/Proco_services_fjarrvarme_fjarrkyla_s.jpg\",\"datePublished\":\"2025-09-10T09:53:50+00:00\",\"dateModified\":\"2026-04-26T10:43:41+00:00\",\"description\":\"We perform hundreds of hot tapping and blocking operations for district heating and district cooling producers every year.\",\"breadcrumb\":{\"@id\":\"https:\\\/\\\/proco.se\\\/en\\\/district-heating-and-district-cooling\\\/#breadcrumb\"},\"inLanguage\":\"en-US\",\"potentialAction\":[{\"@type\":\"ReadAction\",\"target\":[\"https:\\\/\\\/proco.se\\\/en\\\/district-heating-and-district-cooling\\\/\"]}]},{\"@type\":\"ImageObject\",\"inLanguage\":\"en-US\",\"@id\":\"https:\\\/\\\/proco.se\\\/en\\\/district-heating-and-district-cooling\\\/#primaryimage\",\"url\":\"https:\\\/\\\/proco.se\\\/wp-content\\\/uploads\\\/2025\\\/11\\\/Proco_services_fjarrvarme_fjarrkyla_s.jpg\",\"contentUrl\":\"https:\\\/\\\/proco.se\\\/wp-content\\\/uploads\\\/2025\\\/11\\\/Proco_services_fjarrvarme_fjarrkyla_s.jpg\"},{\"@type\":\"BreadcrumbList\",\"@id\":\"https:\\\/\\\/proco.se\\\/en\\\/district-heating-and-district-cooling\\\/#breadcrumb\",\"itemListElement\":[{\"@type\":\"ListItem\",\"position\":1,\"name\":\"Hem\",\"item\":\"https:\\\/\\\/proco.se\\\/en\\\/\"},{\"@type\":\"ListItem\",\"position\":2,\"name\":\"District Heating and District Cooling\"}]},{\"@type\":\"WebSite\",\"@id\":\"https:\\\/\\\/proco.se\\\/en\\\/#website\",\"url\":\"https:\\\/\\\/proco.se\\\/en\\\/\",\"name\":\"Proco Services\",\"description\":\"H\u00e5llbara l\u00f6sningar f\u00f6r st\u00e4ndiga fl\u00f6den\",\"publisher\":{\"@id\":\"https:\\\/\\\/proco.se\\\/en\\\/#organization\"},\"alternateName\":\"Proco\",\"potentialAction\":[{\"@type\":\"SearchAction\",\"target\":{\"@type\":\"EntryPoint\",\"urlTemplate\":\"https:\\\/\\\/proco.se\\\/en\\\/?s={search_term_string}\"},\"query-input\":{\"@type\":\"PropertyValueSpecification\",\"valueRequired\":true,\"valueName\":\"search_term_string\"}}],\"inLanguage\":\"en-US\"},{\"@type\":\"Organization\",\"@id\":\"https:\\\/\\\/proco.se\\\/en\\\/#organization\",\"name\":\"Proco Services\",\"alternateName\":\"Proco\",\"url\":\"https:\\\/\\\/proco.se\\\/en\\\/\",\"logo\":{\"@type\":\"ImageObject\",\"inLanguage\":\"en-US\",\"@id\":\"https:\\\/\\\/proco.se\\\/en\\\/#\\\/schema\\\/logo\\\/image\\\/\",\"url\":\"https:\\\/\\\/proco.se\\\/wp-content\\\/uploads\\\/2025\\\/04\\\/Proco-Services-logotyp__rgb_negativ.png\",\"contentUrl\":\"https:\\\/\\\/proco.se\\\/wp-content\\\/uploads\\\/2025\\\/04\\\/Proco-Services-logotyp__rgb_negativ.png\",\"width\":842,\"height\":596,\"caption\":\"Proco Services\"},\"image\":{\"@id\":\"https:\\\/\\\/proco.se\\\/en\\\/#\\\/schema\\\/logo\\\/image\\\/\"},\"sameAs\":[\"https:\\\/\\\/www.facebook.com\\\/procoservices\"]}]}<\/script>\n<!-- \/ Yoast SEO plugin. -->","yoast_head_json":{"title":"Hot Tapping and Blocking in District Heating and District Cooling","description":"We perform hundreds of hot tapping and blocking operations for district heating and district cooling producers every year.","robots":{"index":"index","follow":"follow","max-snippet":"max-snippet:-1","max-image-preview":"max-image-preview:large","max-video-preview":"max-video-preview:-1"},"canonical":"https:\/\/proco.se\/en\/district-heating-and-district-cooling\/","og_locale":"en_US","og_type":"article","og_title":"Hot Tapping and Blocking in District Heating and District Cooling","og_description":"We perform hundreds of hot tapping and blocking operations for district heating and district cooling producers every year.","og_url":"https:\/\/proco.se\/en\/district-heating-and-district-cooling\/","og_site_name":"Proco","article_publisher":"https:\/\/www.facebook.com\/procoservices","article_modified_time":"2026-04-26T10:43:41+00:00","og_image":[{"url":"https:\/\/proco.se\/wp-content\/uploads\/2025\/11\/Proco_services_fjarrvarme_fjarrkyla_s.jpg","type":"","width":"","height":""}],"twitter_card":"summary_large_image","twitter_misc":{"Est. reading time":"2 minutes"},"schema":{"@context":"https:\/\/schema.org","@graph":[{"@type":"WebPage","@id":"https:\/\/proco.se\/en\/district-heating-and-district-cooling\/","url":"https:\/\/proco.se\/en\/district-heating-and-district-cooling\/","name":"Hot Tapping and Blocking in District Heating and District Cooling","isPartOf":{"@id":"https:\/\/proco.se\/en\/#website"},"primaryImageOfPage":{"@id":"https:\/\/proco.se\/en\/district-heating-and-district-cooling\/#primaryimage"},"image":{"@id":"https:\/\/proco.se\/en\/district-heating-and-district-cooling\/#primaryimage"},"thumbnailUrl":"https:\/\/proco.se\/wp-content\/uploads\/2025\/11\/Proco_services_fjarrvarme_fjarrkyla_s.jpg","datePublished":"2025-09-10T09:53:50+00:00","dateModified":"2026-04-26T10:43:41+00:00","description":"We perform hundreds of hot tapping and blocking operations for district heating and district cooling producers every year.","breadcrumb":{"@id":"https:\/\/proco.se\/en\/district-heating-and-district-cooling\/#breadcrumb"},"inLanguage":"en-US","potentialAction":[{"@type":"ReadAction","target":["https:\/\/proco.se\/en\/district-heating-and-district-cooling\/"]}]},{"@type":"ImageObject","inLanguage":"en-US","@id":"https:\/\/proco.se\/en\/district-heating-and-district-cooling\/#primaryimage","url":"https:\/\/proco.se\/wp-content\/uploads\/2025\/11\/Proco_services_fjarrvarme_fjarrkyla_s.jpg","contentUrl":"https:\/\/proco.se\/wp-content\/uploads\/2025\/11\/Proco_services_fjarrvarme_fjarrkyla_s.jpg"},{"@type":"BreadcrumbList","@id":"https:\/\/proco.se\/en\/district-heating-and-district-cooling\/#breadcrumb","itemListElement":[{"@type":"ListItem","position":1,"name":"Hem","item":"https:\/\/proco.se\/en\/"},{"@type":"ListItem","position":2,"name":"District Heating and District Cooling"}]},{"@type":"WebSite","@id":"https:\/\/proco.se\/en\/#website","url":"https:\/\/proco.se\/en\/","name":"Proco Services","description":"H\u00e5llbara l\u00f6sningar f\u00f6r st\u00e4ndiga fl\u00f6den","publisher":{"@id":"https:\/\/proco.se\/en\/#organization"},"alternateName":"Proco","potentialAction":[{"@type":"SearchAction","target":{"@type":"EntryPoint","urlTemplate":"https:\/\/proco.se\/en\/?s={search_term_string}"},"query-input":{"@type":"PropertyValueSpecification","valueRequired":true,"valueName":"search_term_string"}}],"inLanguage":"en-US"},{"@type":"Organization","@id":"https:\/\/proco.se\/en\/#organization","name":"Proco Services","alternateName":"Proco","url":"https:\/\/proco.se\/en\/","logo":{"@type":"ImageObject","inLanguage":"en-US","@id":"https:\/\/proco.se\/en\/#\/schema\/logo\/image\/","url":"https:\/\/proco.se\/wp-content\/uploads\/2025\/04\/Proco-Services-logotyp__rgb_negativ.png","contentUrl":"https:\/\/proco.se\/wp-content\/uploads\/2025\/04\/Proco-Services-logotyp__rgb_negativ.png","width":842,"height":596,"caption":"Proco Services"},"image":{"@id":"https:\/\/proco.se\/en\/#\/schema\/logo\/image\/"},"sameAs":["https:\/\/www.facebook.com\/procoservices"]}]}},"_links":{"self":[{"href":"https:\/\/proco.se\/en\/wp-json\/wp\/v2\/pages\/2176","targetHints":{"allow":["GET"]}}],"collection":[{"href":"https:\/\/proco.se\/en\/wp-json\/wp\/v2\/pages"}],"about":[{"href":"https:\/\/proco.se\/en\/wp-json\/wp\/v2\/types\/page"}],"author":[{"embeddable":true,"href":"https:\/\/proco.se\/en\/wp-json\/wp\/v2\/users\/1"}],"replies":[{"embeddable":true,"href":"https:\/\/proco.se\/en\/wp-json\/wp\/v2\/comments?post=2176"}],"version-history":[{"count":2,"href":"https:\/\/proco.se\/en\/wp-json\/wp\/v2\/pages\/2176\/revisions"}],"predecessor-version":[{"id":2183,"href":"https:\/\/proco.se\/en\/wp-json\/wp\/v2\/pages\/2176\/revisions\/2183"}],"wp:attachment":[{"href":"https:\/\/proco.se\/en\/wp-json\/wp\/v2\/media?parent=2176"}],"curies":[{"name":"wp","href":"https:\/\/api.w.org\/{rel}","templated":true}]}}