{"id":2173,"date":"2025-08-04T21:46:10","date_gmt":"2025-08-04T21:46:10","guid":{"rendered":"https:\/\/proco.se\/line-blocking\/"},"modified":"2026-04-26T10:43:41","modified_gmt":"2026-04-26T10:43:41","slug":"line-blocking","status":"publish","type":"page","link":"https:\/\/proco.se\/en\/line-blocking\/","title":{"rendered":"Line Blocking"},"content":{"rendered":"\n<div class=\"gb-element-f93bf938\">\n<img loading=\"lazy\" decoding=\"async\" width=\"1920\" height=\"1280\" class=\"gb-media-1f76837d\" alt=\"Proco Services pipe blocking\" src=\"https:\/\/proco.se\/wp-content\/uploads\/2025\/11\/Proco_services_blockering_ror_s.jpg\" srcset=\"https:\/\/proco.se\/wp-content\/uploads\/2025\/11\/Proco_services_blockering_ror_s.jpg 1920w, https:\/\/proco.se\/wp-content\/uploads\/2025\/11\/Proco_services_blockering_ror_s-300x200.jpg 300w, https:\/\/proco.se\/wp-content\/uploads\/2025\/11\/Proco_services_blockering_ror_s-1024x683.jpg 1024w, https:\/\/proco.se\/wp-content\/uploads\/2025\/11\/Proco_services_blockering_ror_s-768x512.jpg 768w, https:\/\/proco.se\/wp-content\/uploads\/2025\/11\/Proco_services_blockering_ror_s-1536x1024.jpg 1536w\" sizes=\"auto, (max-width: 1920px) 100vw, 1920px\" \/>\n<\/div>\n\n<div>\n<div class=\"gb-element-d7fbcf37\">\n<div class=\"gb-element-23c195ea\">\n<div>\n<h1 class=\"gb-text\">Line Blocking<\/h1>\n<\/div>\n\n\n\n<div class=\"gb-element-b5cd4c24\">\n<p>With our line blocking technology, it is possible to quickly stop the flow in the piping system prior to maintenance. The activity requires minimal preparation and can be performed during the day, without obstacles and without unnecessary stress for plant owners or piping contractors. <\/p>\n\n\n\n<p>Working with line blocking is both faster and more cost-effective compared to shutting down, draining, and refilling the system, which is sometimes not even possible. Furthermore, the external environmental impact is minimal. If completely uninterrupted maintenance is required, many of our tools feature a built-in bypass function, ensuring maintenance without disturbances for subscribers.  <\/p>\n\n\n\n<p><strong>Advantages<\/strong><br\/>\u2022 Reduces costs compared to traditional methods<br\/>\u2022 Saves time in repair and maintenance work<br\/>\u2022 Eliminates environmentally harmful emissions and pipe damage<br\/>\u2022 Protects distribution to customers<\/p>\n\n\n\n<p><strong>Facts<\/strong><br\/>\u2022 Main pipe dimensions DN10\u2013DN800<br\/>\u2022 Larger blockages available through partners<br\/>\u2022 Pressure up to 25 bar and 150\u00b0C<br\/>\u2022 All common pipe materials<\/p>\n\n\n\n<h5 class=\"gb-text\"><strong>Technical Description<\/strong><\/h5>\n\n\n\n<p class=\"gb-text-9e22a8cb\"><span class=\"gb-text\"><a href=\"https:\/\/www.youtube.com\/watch?v=MQZVkEyw4jE\" target=\"_blank\" rel=\"noreferrer noopener\">Line blocking with bypass<\/a><\/span><span class=\"gb-shape\"><!--?xml version=\"1.0\" encoding=\"utf-8\"?-->\n<!-- Generator: Adobe Illustrator 27.9.0, SVG Export Plug-In . SVG Version: 6.00 Build 0)  -->\n<svg version=\"1.1\" id=\"Lager_1\" x=\"0px\" y=\"0px\" viewbox=\"0 0 223.3 254.9\" style=\"enable-background:new 0 0 223.3 254.9;\" space=\"preserve\">\n<style type=\"text\/css\">\n\t.st0{enable-background:new    ;}\n\t.st1{fill:#ED5906;}\n<\/style>\n<g class=\"st0\">\n\t<path class=\"st1\" d=\"M160.2,133H10.1v-32.5h150.1l-53.1-53.1h41.9l68.7,69v0.9l-68.7,69h-41.9L160.2,133z\"><\/path>\n<\/g>\n<\/svg><\/span><\/p>\n<\/div>\n<\/div>\n<\/div>\n<\/div>\n\n<p><\/p>\n","protected":false},"excerpt":{"rendered":"<p>Line Blocking With our line blocking technology, it is possible to quickly stop the flow in the piping system prior to maintenance. The activity requires minimal preparation and can be performed during the day, without obstacles and without unnecessary stress for plant owners or piping contractors. Working with line blocking is both faster and more &#8230; <a title=\"Line Blocking\" class=\"read-more\" href=\"https:\/\/proco.se\/en\/line-blocking\/\" aria-label=\"Read more about Line Blocking\">Read more<\/a><\/p>\n","protected":false},"author":1,"featured_media":0,"parent":0,"menu_order":0,"comment_status":"closed","ping_status":"closed","template":"","meta":{"_monsterinsights_skip_tracking":false,"_monsterinsights_sitenote_active":false,"_monsterinsights_sitenote_note":"","_monsterinsights_sitenote_category":0,"footnotes":""},"class_list":["post-2173","page","type-page","status-publish"],"yoast_head":"<!-- This site is optimized with the Yoast SEO plugin v27.4 - https:\/\/yoast.com\/product\/yoast-seo-wordpress\/ -->\n<title>With our line blocking technology, maintenance is possible without interruption - Proco<\/title>\n<meta name=\"description\" content=\"With our line blocking technology, it is possible to quickly and effectively stop the flow in the piping system for maintenance work.\" \/>\n<meta name=\"robots\" content=\"index, follow, max-snippet:-1, max-image-preview:large, max-video-preview:-1\" \/>\n<link rel=\"canonical\" href=\"https:\/\/proco.se\/en\/line-blocking\/\" \/>\n<meta property=\"og:locale\" content=\"en_US\" \/>\n<meta property=\"og:type\" content=\"article\" \/>\n<meta property=\"og:title\" content=\"With our line blocking technology, maintenance is possible without interruption - Proco\" \/>\n<meta property=\"og:description\" content=\"With our line blocking technology, it is possible to quickly and effectively stop the flow in the piping system for maintenance work.\" \/>\n<meta property=\"og:url\" content=\"https:\/\/proco.se\/en\/line-blocking\/\" \/>\n<meta property=\"og:site_name\" content=\"Proco\" \/>\n<meta property=\"article:publisher\" content=\"https:\/\/www.facebook.com\/procoservices\" \/>\n<meta property=\"article:modified_time\" content=\"2026-04-26T10:43:41+00:00\" \/>\n<meta property=\"og:image\" content=\"https:\/\/proco.se\/wp-content\/uploads\/2025\/11\/Proco_services_blockering_ror_s.jpg\" \/>\n<meta name=\"twitter:card\" content=\"summary_large_image\" \/>\n<meta name=\"twitter:label1\" content=\"Est. reading time\" \/>\n\t<meta name=\"twitter:data1\" content=\"1 minute\" \/>\n<script type=\"application\/ld+json\" class=\"yoast-schema-graph\">{\"@context\":\"https:\\\/\\\/schema.org\",\"@graph\":[{\"@type\":\"WebPage\",\"@id\":\"https:\\\/\\\/proco.se\\\/en\\\/line-blocking\\\/\",\"url\":\"https:\\\/\\\/proco.se\\\/en\\\/line-blocking\\\/\",\"name\":\"With our line blocking technology, maintenance is possible without interruption - Proco\",\"isPartOf\":{\"@id\":\"https:\\\/\\\/proco.se\\\/en\\\/#website\"},\"primaryImageOfPage\":{\"@id\":\"https:\\\/\\\/proco.se\\\/en\\\/line-blocking\\\/#primaryimage\"},\"image\":{\"@id\":\"https:\\\/\\\/proco.se\\\/en\\\/line-blocking\\\/#primaryimage\"},\"thumbnailUrl\":\"https:\\\/\\\/proco.se\\\/wp-content\\\/uploads\\\/2025\\\/11\\\/Proco_services_blockering_ror_s.jpg\",\"datePublished\":\"2025-08-04T21:46:10+00:00\",\"dateModified\":\"2026-04-26T10:43:41+00:00\",\"description\":\"With our line blocking technology, it is possible to quickly and effectively stop the flow in the piping system for maintenance work.\",\"breadcrumb\":{\"@id\":\"https:\\\/\\\/proco.se\\\/en\\\/line-blocking\\\/#breadcrumb\"},\"inLanguage\":\"en-US\",\"potentialAction\":[{\"@type\":\"ReadAction\",\"target\":[\"https:\\\/\\\/proco.se\\\/en\\\/line-blocking\\\/\"]}]},{\"@type\":\"ImageObject\",\"inLanguage\":\"en-US\",\"@id\":\"https:\\\/\\\/proco.se\\\/en\\\/line-blocking\\\/#primaryimage\",\"url\":\"https:\\\/\\\/proco.se\\\/wp-content\\\/uploads\\\/2025\\\/11\\\/Proco_services_blockering_ror_s.jpg\",\"contentUrl\":\"https:\\\/\\\/proco.se\\\/wp-content\\\/uploads\\\/2025\\\/11\\\/Proco_services_blockering_ror_s.jpg\"},{\"@type\":\"BreadcrumbList\",\"@id\":\"https:\\\/\\\/proco.se\\\/en\\\/line-blocking\\\/#breadcrumb\",\"itemListElement\":[{\"@type\":\"ListItem\",\"position\":1,\"name\":\"Hem\",\"item\":\"https:\\\/\\\/proco.se\\\/en\\\/\"},{\"@type\":\"ListItem\",\"position\":2,\"name\":\"Line Blocking\"}]},{\"@type\":\"WebSite\",\"@id\":\"https:\\\/\\\/proco.se\\\/en\\\/#website\",\"url\":\"https:\\\/\\\/proco.se\\\/en\\\/\",\"name\":\"Proco Services\",\"description\":\"H\u00e5llbara l\u00f6sningar f\u00f6r st\u00e4ndiga fl\u00f6den\",\"publisher\":{\"@id\":\"https:\\\/\\\/proco.se\\\/en\\\/#organization\"},\"alternateName\":\"Proco\",\"potentialAction\":[{\"@type\":\"SearchAction\",\"target\":{\"@type\":\"EntryPoint\",\"urlTemplate\":\"https:\\\/\\\/proco.se\\\/en\\\/?s={search_term_string}\"},\"query-input\":{\"@type\":\"PropertyValueSpecification\",\"valueRequired\":true,\"valueName\":\"search_term_string\"}}],\"inLanguage\":\"en-US\"},{\"@type\":\"Organization\",\"@id\":\"https:\\\/\\\/proco.se\\\/en\\\/#organization\",\"name\":\"Proco Services\",\"alternateName\":\"Proco\",\"url\":\"https:\\\/\\\/proco.se\\\/en\\\/\",\"logo\":{\"@type\":\"ImageObject\",\"inLanguage\":\"en-US\",\"@id\":\"https:\\\/\\\/proco.se\\\/en\\\/#\\\/schema\\\/logo\\\/image\\\/\",\"url\":\"https:\\\/\\\/proco.se\\\/wp-content\\\/uploads\\\/2025\\\/04\\\/Proco-Services-logotyp__rgb_negativ.png\",\"contentUrl\":\"https:\\\/\\\/proco.se\\\/wp-content\\\/uploads\\\/2025\\\/04\\\/Proco-Services-logotyp__rgb_negativ.png\",\"width\":842,\"height\":596,\"caption\":\"Proco Services\"},\"image\":{\"@id\":\"https:\\\/\\\/proco.se\\\/en\\\/#\\\/schema\\\/logo\\\/image\\\/\"},\"sameAs\":[\"https:\\\/\\\/www.facebook.com\\\/procoservices\"]}]}<\/script>\n<!-- \/ Yoast SEO plugin. -->","yoast_head_json":{"title":"With our line blocking technology, maintenance is possible without interruption - Proco","description":"With our line blocking technology, it is possible to quickly and effectively stop the flow in the piping system for maintenance work.","robots":{"index":"index","follow":"follow","max-snippet":"max-snippet:-1","max-image-preview":"max-image-preview:large","max-video-preview":"max-video-preview:-1"},"canonical":"https:\/\/proco.se\/en\/line-blocking\/","og_locale":"en_US","og_type":"article","og_title":"With our line blocking technology, maintenance is possible without interruption - Proco","og_description":"With our line blocking technology, it is possible to quickly and effectively stop the flow in the piping system for maintenance work.","og_url":"https:\/\/proco.se\/en\/line-blocking\/","og_site_name":"Proco","article_publisher":"https:\/\/www.facebook.com\/procoservices","article_modified_time":"2026-04-26T10:43:41+00:00","og_image":[{"url":"https:\/\/proco.se\/wp-content\/uploads\/2025\/11\/Proco_services_blockering_ror_s.jpg","type":"","width":"","height":""}],"twitter_card":"summary_large_image","twitter_misc":{"Est. reading time":"1 minute"},"schema":{"@context":"https:\/\/schema.org","@graph":[{"@type":"WebPage","@id":"https:\/\/proco.se\/en\/line-blocking\/","url":"https:\/\/proco.se\/en\/line-blocking\/","name":"With our line blocking technology, maintenance is possible without interruption - Proco","isPartOf":{"@id":"https:\/\/proco.se\/en\/#website"},"primaryImageOfPage":{"@id":"https:\/\/proco.se\/en\/line-blocking\/#primaryimage"},"image":{"@id":"https:\/\/proco.se\/en\/line-blocking\/#primaryimage"},"thumbnailUrl":"https:\/\/proco.se\/wp-content\/uploads\/2025\/11\/Proco_services_blockering_ror_s.jpg","datePublished":"2025-08-04T21:46:10+00:00","dateModified":"2026-04-26T10:43:41+00:00","description":"With our line blocking technology, it is possible to quickly and effectively stop the flow in the piping system for maintenance work.","breadcrumb":{"@id":"https:\/\/proco.se\/en\/line-blocking\/#breadcrumb"},"inLanguage":"en-US","potentialAction":[{"@type":"ReadAction","target":["https:\/\/proco.se\/en\/line-blocking\/"]}]},{"@type":"ImageObject","inLanguage":"en-US","@id":"https:\/\/proco.se\/en\/line-blocking\/#primaryimage","url":"https:\/\/proco.se\/wp-content\/uploads\/2025\/11\/Proco_services_blockering_ror_s.jpg","contentUrl":"https:\/\/proco.se\/wp-content\/uploads\/2025\/11\/Proco_services_blockering_ror_s.jpg"},{"@type":"BreadcrumbList","@id":"https:\/\/proco.se\/en\/line-blocking\/#breadcrumb","itemListElement":[{"@type":"ListItem","position":1,"name":"Hem","item":"https:\/\/proco.se\/en\/"},{"@type":"ListItem","position":2,"name":"Line Blocking"}]},{"@type":"WebSite","@id":"https:\/\/proco.se\/en\/#website","url":"https:\/\/proco.se\/en\/","name":"Proco Services","description":"H\u00e5llbara l\u00f6sningar f\u00f6r st\u00e4ndiga fl\u00f6den","publisher":{"@id":"https:\/\/proco.se\/en\/#organization"},"alternateName":"Proco","potentialAction":[{"@type":"SearchAction","target":{"@type":"EntryPoint","urlTemplate":"https:\/\/proco.se\/en\/?s={search_term_string}"},"query-input":{"@type":"PropertyValueSpecification","valueRequired":true,"valueName":"search_term_string"}}],"inLanguage":"en-US"},{"@type":"Organization","@id":"https:\/\/proco.se\/en\/#organization","name":"Proco Services","alternateName":"Proco","url":"https:\/\/proco.se\/en\/","logo":{"@type":"ImageObject","inLanguage":"en-US","@id":"https:\/\/proco.se\/en\/#\/schema\/logo\/image\/","url":"https:\/\/proco.se\/wp-content\/uploads\/2025\/04\/Proco-Services-logotyp__rgb_negativ.png","contentUrl":"https:\/\/proco.se\/wp-content\/uploads\/2025\/04\/Proco-Services-logotyp__rgb_negativ.png","width":842,"height":596,"caption":"Proco Services"},"image":{"@id":"https:\/\/proco.se\/en\/#\/schema\/logo\/image\/"},"sameAs":["https:\/\/www.facebook.com\/procoservices"]}]}},"_links":{"self":[{"href":"https:\/\/proco.se\/en\/wp-json\/wp\/v2\/pages\/2173","targetHints":{"allow":["GET"]}}],"collection":[{"href":"https:\/\/proco.se\/en\/wp-json\/wp\/v2\/pages"}],"about":[{"href":"https:\/\/proco.se\/en\/wp-json\/wp\/v2\/types\/page"}],"author":[{"embeddable":true,"href":"https:\/\/proco.se\/en\/wp-json\/wp\/v2\/users\/1"}],"replies":[{"embeddable":true,"href":"https:\/\/proco.se\/en\/wp-json\/wp\/v2\/comments?post=2173"}],"version-history":[{"count":2,"href":"https:\/\/proco.se\/en\/wp-json\/wp\/v2\/pages\/2173\/revisions"}],"predecessor-version":[{"id":2182,"href":"https:\/\/proco.se\/en\/wp-json\/wp\/v2\/pages\/2173\/revisions\/2182"}],"wp:attachment":[{"href":"https:\/\/proco.se\/en\/wp-json\/wp\/v2\/media?parent=2173"}],"curies":[{"name":"wp","href":"https:\/\/api.w.org\/{rel}","templated":true}]}}