{"id":2159,"date":"2025-10-01T09:17:09","date_gmt":"2025-10-01T09:17:09","guid":{"rendered":"https:\/\/proco.se\/work-with-us\/"},"modified":"2026-04-26T10:43:03","modified_gmt":"2026-04-26T10:43:03","slug":"work-with-us","status":"publish","type":"page","link":"https:\/\/proco.se\/en\/work-with-us\/","title":{"rendered":"Work with us"},"content":{"rendered":"\n<div class=\"gb-element-0260587f\">\n<div class=\"gb-element-9616c269 daniel_innercontainer\">\n<div class=\"gb-element-2c25be00\">\n<div>\n<h1 class=\"gb-text\"><strong>Work with us<\/strong><\/h1>\n\n\n\n<p><\/p>\n<\/div>\n\n\n\n<div class=\"gb-element-eb8c87bf\">\n<p>At Proco Services, we are continuously looking for skilled employees. On our careers site, you can see which skills are in demand and subscribe to job vacancies<em>.<\/em><\/p>\n\n\n\n<h5 class=\"gb-text-c45ab8d6\"><span class=\"gb-text\"><a href=\"https:\/\/proco.weselect.com\/\" target=\"_blank\" rel=\"noreferrer noopener\">Careers site<\/a><\/span><span class=\"gb-shape\"><!--?xml version=\"1.0\" encoding=\"utf-8\"?-->\n<!-- Generator: Adobe Illustrator 27.9.0, SVG Export Plug-In . SVG Version: 6.00 Build 0)  -->\n<svg version=\"1.1\" id=\"Lager_1\" x=\"0px\" y=\"0px\" viewbox=\"0 0 223.3 254.9\" style=\"enable-background:new 0 0 223.3 254.9;\" space=\"preserve\">\n<style type=\"text\/css\">\n\t.st0{enable-background:new    ;}\n\t.st1{fill:#ED5906;}\n<\/style>\n<g class=\"st0\">\n\t<path class=\"st1\" d=\"M160.2,133H10.1v-32.5h150.1l-53.1-53.1h41.9l68.7,69v0.9l-68.7,69h-41.9L160.2,133z\"><\/path>\n<\/g>\n<\/svg><\/span><\/h5>\n\n\n\n<p><\/p>\n<\/div>\n<\/div>\n<\/div>\n<\/div>\n\n<div>\n<img loading=\"lazy\" decoding=\"async\" width=\"1920\" height=\"1228\" class=\"gb-media-bb490d81\" alt=\"Proco Services, work with us\" src=\"https:\/\/proco.se\/wp-content\/uploads\/2025\/11\/Proco_services_jobba_hos_oss_s.jpg\" srcset=\"https:\/\/proco.se\/wp-content\/uploads\/2025\/11\/Proco_services_jobba_hos_oss_s.jpg 1920w, https:\/\/proco.se\/wp-content\/uploads\/2025\/11\/Proco_services_jobba_hos_oss_s-300x192.jpg 300w, https:\/\/proco.se\/wp-content\/uploads\/2025\/11\/Proco_services_jobba_hos_oss_s-1024x655.jpg 1024w, https:\/\/proco.se\/wp-content\/uploads\/2025\/11\/Proco_services_jobba_hos_oss_s-768x491.jpg 768w, https:\/\/proco.se\/wp-content\/uploads\/2025\/11\/Proco_services_jobba_hos_oss_s-1536x982.jpg 1536w\" sizes=\"auto, (max-width: 1920px) 100vw, 1920px\" \/>\n<\/div>\n","protected":false},"excerpt":{"rendered":"<p>Work with us At Proco Services, we are continuously looking for skilled employees. On our careers site, you can see which skills are in demand and subscribe to job vacancies. Careers site<\/p>\n","protected":false},"author":1,"featured_media":0,"parent":0,"menu_order":0,"comment_status":"closed","ping_status":"closed","template":"","meta":{"_monsterinsights_skip_tracking":false,"_monsterinsights_sitenote_active":false,"_monsterinsights_sitenote_note":"","_monsterinsights_sitenote_category":0,"footnotes":""},"class_list":["post-2159","page","type-page","status-publish"],"yoast_head":"<!-- This site is optimized with the Yoast SEO plugin v27.4 - https:\/\/yoast.com\/product\/yoast-seo-wordpress\/ -->\n<title>Work with us!<\/title>\n<meta name=\"description\" content=\"We are continuously looking for skilled employees. On our careers site, you can see which skills are in demand and subscribe to job vacancies.\" \/>\n<meta name=\"robots\" content=\"index, follow, max-snippet:-1, max-image-preview:large, max-video-preview:-1\" \/>\n<link rel=\"canonical\" href=\"https:\/\/proco.se\/en\/work-with-us\/\" \/>\n<meta property=\"og:locale\" content=\"en_US\" \/>\n<meta property=\"og:type\" content=\"article\" \/>\n<meta property=\"og:title\" content=\"Work with us!\" \/>\n<meta property=\"og:description\" content=\"We are continuously looking for skilled employees. On our careers site, you can see which skills are in demand and subscribe to job vacancies.\" \/>\n<meta property=\"og:url\" content=\"https:\/\/proco.se\/en\/work-with-us\/\" \/>\n<meta property=\"og:site_name\" content=\"Proco\" \/>\n<meta property=\"article:publisher\" content=\"https:\/\/www.facebook.com\/procoservices\" \/>\n<meta property=\"article:modified_time\" content=\"2026-04-26T10:43:03+00:00\" \/>\n<meta property=\"og:image\" content=\"https:\/\/proco.se\/wp-content\/uploads\/2025\/11\/Proco_services_jobba_hos_oss_s.jpg\" \/>\n<meta name=\"twitter:card\" content=\"summary_large_image\" \/>\n<script type=\"application\/ld+json\" class=\"yoast-schema-graph\">{\"@context\":\"https:\\\/\\\/schema.org\",\"@graph\":[{\"@type\":\"WebPage\",\"@id\":\"https:\\\/\\\/proco.se\\\/en\\\/work-with-us\\\/\",\"url\":\"https:\\\/\\\/proco.se\\\/en\\\/work-with-us\\\/\",\"name\":\"Work with us!\",\"isPartOf\":{\"@id\":\"https:\\\/\\\/proco.se\\\/en\\\/#website\"},\"primaryImageOfPage\":{\"@id\":\"https:\\\/\\\/proco.se\\\/en\\\/work-with-us\\\/#primaryimage\"},\"image\":{\"@id\":\"https:\\\/\\\/proco.se\\\/en\\\/work-with-us\\\/#primaryimage\"},\"thumbnailUrl\":\"https:\\\/\\\/proco.se\\\/wp-content\\\/uploads\\\/2025\\\/11\\\/Proco_services_jobba_hos_oss_s.jpg\",\"datePublished\":\"2025-10-01T09:17:09+00:00\",\"dateModified\":\"2026-04-26T10:43:03+00:00\",\"description\":\"We are continuously looking for skilled employees. On our careers site, you can see which skills are in demand and subscribe to job vacancies.\",\"breadcrumb\":{\"@id\":\"https:\\\/\\\/proco.se\\\/en\\\/work-with-us\\\/#breadcrumb\"},\"inLanguage\":\"en-US\",\"potentialAction\":[{\"@type\":\"ReadAction\",\"target\":[\"https:\\\/\\\/proco.se\\\/en\\\/work-with-us\\\/\"]}]},{\"@type\":\"ImageObject\",\"inLanguage\":\"en-US\",\"@id\":\"https:\\\/\\\/proco.se\\\/en\\\/work-with-us\\\/#primaryimage\",\"url\":\"https:\\\/\\\/proco.se\\\/wp-content\\\/uploads\\\/2025\\\/11\\\/Proco_services_jobba_hos_oss_s.jpg\",\"contentUrl\":\"https:\\\/\\\/proco.se\\\/wp-content\\\/uploads\\\/2025\\\/11\\\/Proco_services_jobba_hos_oss_s.jpg\"},{\"@type\":\"BreadcrumbList\",\"@id\":\"https:\\\/\\\/proco.se\\\/en\\\/work-with-us\\\/#breadcrumb\",\"itemListElement\":[{\"@type\":\"ListItem\",\"position\":1,\"name\":\"Hem\",\"item\":\"https:\\\/\\\/proco.se\\\/en\\\/\"},{\"@type\":\"ListItem\",\"position\":2,\"name\":\"Work with us\"}]},{\"@type\":\"WebSite\",\"@id\":\"https:\\\/\\\/proco.se\\\/en\\\/#website\",\"url\":\"https:\\\/\\\/proco.se\\\/en\\\/\",\"name\":\"Proco Services\",\"description\":\"H\u00e5llbara l\u00f6sningar f\u00f6r st\u00e4ndiga fl\u00f6den\",\"publisher\":{\"@id\":\"https:\\\/\\\/proco.se\\\/en\\\/#organization\"},\"alternateName\":\"Proco\",\"potentialAction\":[{\"@type\":\"SearchAction\",\"target\":{\"@type\":\"EntryPoint\",\"urlTemplate\":\"https:\\\/\\\/proco.se\\\/en\\\/?s={search_term_string}\"},\"query-input\":{\"@type\":\"PropertyValueSpecification\",\"valueRequired\":true,\"valueName\":\"search_term_string\"}}],\"inLanguage\":\"en-US\"},{\"@type\":\"Organization\",\"@id\":\"https:\\\/\\\/proco.se\\\/en\\\/#organization\",\"name\":\"Proco Services\",\"alternateName\":\"Proco\",\"url\":\"https:\\\/\\\/proco.se\\\/en\\\/\",\"logo\":{\"@type\":\"ImageObject\",\"inLanguage\":\"en-US\",\"@id\":\"https:\\\/\\\/proco.se\\\/en\\\/#\\\/schema\\\/logo\\\/image\\\/\",\"url\":\"https:\\\/\\\/proco.se\\\/wp-content\\\/uploads\\\/2025\\\/04\\\/Proco-Services-logotyp__rgb_negativ.png\",\"contentUrl\":\"https:\\\/\\\/proco.se\\\/wp-content\\\/uploads\\\/2025\\\/04\\\/Proco-Services-logotyp__rgb_negativ.png\",\"width\":842,\"height\":596,\"caption\":\"Proco Services\"},\"image\":{\"@id\":\"https:\\\/\\\/proco.se\\\/en\\\/#\\\/schema\\\/logo\\\/image\\\/\"},\"sameAs\":[\"https:\\\/\\\/www.facebook.com\\\/procoservices\"]}]}<\/script>\n<!-- \/ Yoast SEO plugin. -->","yoast_head_json":{"title":"Work with us!","description":"We are continuously looking for skilled employees. On our careers site, you can see which skills are in demand and subscribe to job vacancies.","robots":{"index":"index","follow":"follow","max-snippet":"max-snippet:-1","max-image-preview":"max-image-preview:large","max-video-preview":"max-video-preview:-1"},"canonical":"https:\/\/proco.se\/en\/work-with-us\/","og_locale":"en_US","og_type":"article","og_title":"Work with us!","og_description":"We are continuously looking for skilled employees. On our careers site, you can see which skills are in demand and subscribe to job vacancies.","og_url":"https:\/\/proco.se\/en\/work-with-us\/","og_site_name":"Proco","article_publisher":"https:\/\/www.facebook.com\/procoservices","article_modified_time":"2026-04-26T10:43:03+00:00","og_image":[{"url":"https:\/\/proco.se\/wp-content\/uploads\/2025\/11\/Proco_services_jobba_hos_oss_s.jpg","type":"","width":"","height":""}],"twitter_card":"summary_large_image","schema":{"@context":"https:\/\/schema.org","@graph":[{"@type":"WebPage","@id":"https:\/\/proco.se\/en\/work-with-us\/","url":"https:\/\/proco.se\/en\/work-with-us\/","name":"Work with us!","isPartOf":{"@id":"https:\/\/proco.se\/en\/#website"},"primaryImageOfPage":{"@id":"https:\/\/proco.se\/en\/work-with-us\/#primaryimage"},"image":{"@id":"https:\/\/proco.se\/en\/work-with-us\/#primaryimage"},"thumbnailUrl":"https:\/\/proco.se\/wp-content\/uploads\/2025\/11\/Proco_services_jobba_hos_oss_s.jpg","datePublished":"2025-10-01T09:17:09+00:00","dateModified":"2026-04-26T10:43:03+00:00","description":"We are continuously looking for skilled employees. On our careers site, you can see which skills are in demand and subscribe to job vacancies.","breadcrumb":{"@id":"https:\/\/proco.se\/en\/work-with-us\/#breadcrumb"},"inLanguage":"en-US","potentialAction":[{"@type":"ReadAction","target":["https:\/\/proco.se\/en\/work-with-us\/"]}]},{"@type":"ImageObject","inLanguage":"en-US","@id":"https:\/\/proco.se\/en\/work-with-us\/#primaryimage","url":"https:\/\/proco.se\/wp-content\/uploads\/2025\/11\/Proco_services_jobba_hos_oss_s.jpg","contentUrl":"https:\/\/proco.se\/wp-content\/uploads\/2025\/11\/Proco_services_jobba_hos_oss_s.jpg"},{"@type":"BreadcrumbList","@id":"https:\/\/proco.se\/en\/work-with-us\/#breadcrumb","itemListElement":[{"@type":"ListItem","position":1,"name":"Hem","item":"https:\/\/proco.se\/en\/"},{"@type":"ListItem","position":2,"name":"Work with us"}]},{"@type":"WebSite","@id":"https:\/\/proco.se\/en\/#website","url":"https:\/\/proco.se\/en\/","name":"Proco Services","description":"H\u00e5llbara l\u00f6sningar f\u00f6r st\u00e4ndiga fl\u00f6den","publisher":{"@id":"https:\/\/proco.se\/en\/#organization"},"alternateName":"Proco","potentialAction":[{"@type":"SearchAction","target":{"@type":"EntryPoint","urlTemplate":"https:\/\/proco.se\/en\/?s={search_term_string}"},"query-input":{"@type":"PropertyValueSpecification","valueRequired":true,"valueName":"search_term_string"}}],"inLanguage":"en-US"},{"@type":"Organization","@id":"https:\/\/proco.se\/en\/#organization","name":"Proco Services","alternateName":"Proco","url":"https:\/\/proco.se\/en\/","logo":{"@type":"ImageObject","inLanguage":"en-US","@id":"https:\/\/proco.se\/en\/#\/schema\/logo\/image\/","url":"https:\/\/proco.se\/wp-content\/uploads\/2025\/04\/Proco-Services-logotyp__rgb_negativ.png","contentUrl":"https:\/\/proco.se\/wp-content\/uploads\/2025\/04\/Proco-Services-logotyp__rgb_negativ.png","width":842,"height":596,"caption":"Proco Services"},"image":{"@id":"https:\/\/proco.se\/en\/#\/schema\/logo\/image\/"},"sameAs":["https:\/\/www.facebook.com\/procoservices"]}]}},"_links":{"self":[{"href":"https:\/\/proco.se\/en\/wp-json\/wp\/v2\/pages\/2159","targetHints":{"allow":["GET"]}}],"collection":[{"href":"https:\/\/proco.se\/en\/wp-json\/wp\/v2\/pages"}],"about":[{"href":"https:\/\/proco.se\/en\/wp-json\/wp\/v2\/types\/page"}],"author":[{"embeddable":true,"href":"https:\/\/proco.se\/en\/wp-json\/wp\/v2\/users\/1"}],"replies":[{"embeddable":true,"href":"https:\/\/proco.se\/en\/wp-json\/wp\/v2\/comments?post=2159"}],"version-history":[{"count":2,"href":"https:\/\/proco.se\/en\/wp-json\/wp\/v2\/pages\/2159\/revisions"}],"predecessor-version":[{"id":2161,"href":"https:\/\/proco.se\/en\/wp-json\/wp\/v2\/pages\/2159\/revisions\/2161"}],"wp:attachment":[{"href":"https:\/\/proco.se\/en\/wp-json\/wp\/v2\/media?parent=2159"}],"curies":[{"name":"wp","href":"https:\/\/api.w.org\/{rel}","templated":true}]}}