{"id":2150,"date":"2025-10-08T09:34:21","date_gmt":"2025-10-08T09:34:21","guid":{"rendered":"https:\/\/proco.se\/technical-documentation\/"},"modified":"2026-04-26T10:42:57","modified_gmt":"2026-04-26T10:42:57","slug":"technical-documentation","status":"publish","type":"page","link":"https:\/\/proco.se\/en\/technical-documentation\/","title":{"rendered":"Technical documentation"},"content":{"rendered":"\n<div class=\"gb-element-ea75022b\">\n<div class=\"gb-element-2446ebc0\">\n<h2 class=\"gb-text\">Technical documentation<\/h2>\n<\/div>\n<\/div>\n\n<div class=\"gb-element-f1945b02\"><section class='__wpdm_gb_section __wpdm_gb_category'><div class='w3eden'>\n    <div class=''>\n\n        \n        <div id=\"content_wpdm_package_1\">\n            <div class='row'><div class='col-lg-12 col-md-12 col-12'><!-- WPDM Link Template: Default Template -->\n\n<div class=\"link-template-default card mb-2\">\n    <div class=\"card-body\">\n        <div class=\"media\">\n            <div class=\"mr-3 img-48\"><img decoding=\"async\" class=\"wpdm_icon\" alt=\"Icon\" src=\"https:\/\/proco.se\/wp-content\/plugins\/download-manager\/assets\/file-type-icons\/pdf.svg\" \/><\/div>\n            <div class=\"media-body\">\n                <h3 class=\"package-title\"><a href='https:\/\/proco.se\/en\/download\/dimension-svetsstos\/'>Dimension svetsstos<\/a><\/h3>\n                <div class=\"text-muted text-small\"><i class=\"fas fa-copy\"><\/i> 1 file(s) <i class=\"fas fa-hdd ml-3\"><\/i> 297.56 KB<\/div>\n            <\/div>\n            <div class=\"ml-3\">\n                <a class='wpdm-download-link download-on-click btn btn-primary ' rel='nofollow' href='#' data-downloadurl=\"https:\/\/proco.se\/en\/download\/dimension-svetsstos\/?wpdmdl=1737&#038;refresh=69ee4c95cc1251777224853\">Download<\/a>\n            <\/div>\n        <\/div>\n    <\/div>\n<\/div>\n\n<\/div><div class='col-lg-12 col-md-12 col-12'><!-- WPDM Link Template: Default Template -->\n\n<div class=\"link-template-default card mb-2\">\n    <div class=\"card-body\">\n        <div class=\"media\">\n            <div class=\"mr-3 img-48\"><img decoding=\"async\" class=\"wpdm_icon\" alt=\"Icon\" src=\"https:\/\/proco.se\/wp-content\/plugins\/download-manager\/assets\/file-type-icons\/pdf.svg\" \/><\/div>\n            <div class=\"media-body\">\n                <h3 class=\"package-title\"><a href='https:\/\/proco.se\/en\/download\/byggmatt-och-allmanna-riktlinjer-for-montage-av-blockeringsstos-typ-16-dn350-500\/'>Byggm\u00e5tt och allm\u00e4nna riktlinjer f\u00f6r montage av blockeringsstos \u2013 Typ 16 DN350-500<\/a><\/h3>\n                <div class=\"text-muted text-small\"><i class=\"fas fa-copy\"><\/i> 1 file(s) <i class=\"fas fa-hdd ml-3\"><\/i> 1.50 MB<\/div>\n            <\/div>\n            <div class=\"ml-3\">\n                <a class='wpdm-download-link download-on-click btn btn-primary ' rel='nofollow' href='#' data-downloadurl=\"https:\/\/proco.se\/en\/download\/byggmatt-och-allmanna-riktlinjer-for-montage-av-blockeringsstos-typ-16-dn350-500\/?wpdmdl=1736&#038;refresh=69ee4c95ce8fa1777224853\">Download<\/a>\n            <\/div>\n        <\/div>\n    <\/div>\n<\/div>\n\n<\/div><div class='col-lg-12 col-md-12 col-12'><!-- WPDM Link Template: Default Template -->\n\n<div class=\"link-template-default card mb-2\">\n    <div class=\"card-body\">\n        <div class=\"media\">\n            <div class=\"mr-3 img-48\"><img decoding=\"async\" class=\"wpdm_icon\" alt=\"Icon\" src=\"https:\/\/proco.se\/wp-content\/plugins\/download-manager\/assets\/file-type-icons\/pdf.svg\" \/><\/div>\n            <div class=\"media-body\">\n                <h3 class=\"package-title\"><a href='https:\/\/proco.se\/en\/download\/byggmatt-och-allmanna-riktlinjer-for-montage-av-blockeringsstos-typ-25-dn150-300\/'>Byggm\u00e5tt och allm\u00e4nna riktlinjer f\u00f6r montage av blockeringsstos \u2013 Typ 25 DN150-300<\/a><\/h3>\n                <div class=\"text-muted text-small\"><i class=\"fas fa-copy\"><\/i> 1 file(s) <i class=\"fas fa-hdd ml-3\"><\/i> 981.18 KB<\/div>\n            <\/div>\n            <div class=\"ml-3\">\n                <a class='wpdm-download-link download-on-click btn btn-primary ' rel='nofollow' href='#' data-downloadurl=\"https:\/\/proco.se\/en\/download\/byggmatt-och-allmanna-riktlinjer-for-montage-av-blockeringsstos-typ-25-dn150-300\/?wpdmdl=1735&#038;refresh=69ee4c95cfed61777224853\">Download<\/a>\n            <\/div>\n        <\/div>\n    <\/div>\n<\/div>\n\n<\/div><div class='col-lg-12 col-md-12 col-12'><!-- WPDM Link Template: Default Template -->\n\n<div class=\"link-template-default card mb-2\">\n    <div class=\"card-body\">\n        <div class=\"media\">\n            <div class=\"mr-3 img-48\"><img decoding=\"async\" class=\"wpdm_icon\" alt=\"Icon\" src=\"https:\/\/proco.se\/wp-content\/plugins\/download-manager\/assets\/file-type-icons\/pdf.svg\" \/><\/div>\n            <div class=\"media-body\">\n                <h3 class=\"package-title\"><a href='https:\/\/proco.se\/en\/download\/byggmatt-och-allmanna-riktlinjer-for-montage-av-blockeringsstos-typ-25-dn50-125\/'>Byggm\u00e5tt och allm\u00e4nna riktlinjer f\u00f6r montage av blockeringsstos \u2013 Typ 25 DN50-125<\/a><\/h3>\n                <div class=\"text-muted text-small\"><i class=\"fas fa-copy\"><\/i> 1 file(s) <i class=\"fas fa-hdd ml-3\"><\/i> 980.09 KB<\/div>\n            <\/div>\n            <div class=\"ml-3\">\n                <a class='wpdm-download-link download-on-click btn btn-primary ' rel='nofollow' href='#' data-downloadurl=\"https:\/\/proco.se\/en\/download\/byggmatt-och-allmanna-riktlinjer-for-montage-av-blockeringsstos-typ-25-dn50-125\/?wpdmdl=1734&#038;refresh=69ee4c95d13c21777224853\">Download<\/a>\n            <\/div>\n        <\/div>\n    <\/div>\n<\/div>\n\n<\/div><div class='col-lg-12 col-md-12 col-12'><!-- WPDM Link Template: Default Template -->\n\n<div class=\"link-template-default card mb-2\">\n    <div class=\"card-body\">\n        <div class=\"media\">\n            <div class=\"mr-3 img-48\"><img decoding=\"async\" class=\"wpdm_icon\" alt=\"Icon\" src=\"https:\/\/proco.se\/wp-content\/plugins\/download-manager\/assets\/file-type-icons\/pdf.svg\" \/><\/div>\n            <div class=\"media-body\">\n                <h3 class=\"package-title\"><a href='https:\/\/proco.se\/en\/download\/byggmatt-och-allmanna-riktlinjer-for-montage-av-blockeringsstos-typ-16-dn150-300\/'>Byggm\u00e5tt och allm\u00e4nna riktlinjer f\u00f6r montage av blockeringsstos \u2013 Typ 16 DN150-300<\/a><\/h3>\n                <div class=\"text-muted text-small\"><i class=\"fas fa-copy\"><\/i> 1 file(s) <i class=\"fas fa-hdd ml-3\"><\/i> 978.82 KB<\/div>\n            <\/div>\n            <div class=\"ml-3\">\n                <a class='wpdm-download-link download-on-click btn btn-primary ' rel='nofollow' href='#' data-downloadurl=\"https:\/\/proco.se\/en\/download\/byggmatt-och-allmanna-riktlinjer-for-montage-av-blockeringsstos-typ-16-dn150-300\/?wpdmdl=1730&#038;refresh=69ee4c95d28cf1777224853\">Download<\/a>\n            <\/div>\n        <\/div>\n    <\/div>\n<\/div>\n\n<\/div><div class='col-lg-12 col-md-12 col-12'><!-- WPDM Link Template: Default Template -->\n\n<div class=\"link-template-default card mb-2\">\n    <div class=\"card-body\">\n        <div class=\"media\">\n            <div class=\"mr-3 img-48\"><img decoding=\"async\" class=\"wpdm_icon\" alt=\"Icon\" src=\"https:\/\/proco.se\/wp-content\/plugins\/download-manager\/assets\/file-type-icons\/pdf.svg\" \/><\/div>\n            <div class=\"media-body\">\n                <h3 class=\"package-title\"><a href='https:\/\/proco.se\/en\/download\/byggmatt-och-allmanna-riktlinjer-for-montage-av-blockeringsstos-typ-16-dn50-125\/'>Byggm\u00e5tt och allm\u00e4nna riktlinjer f\u00f6r montage av blockeringsstos \u2013 Typ 16 DN50-125<\/a><\/h3>\n                <div class=\"text-muted text-small\"><i class=\"fas fa-copy\"><\/i> 1 file(s) <i class=\"fas fa-hdd ml-3\"><\/i> 978.32 KB<\/div>\n            <\/div>\n            <div class=\"ml-3\">\n                <a class='wpdm-download-link download-on-click btn btn-primary ' rel='nofollow' href='#' data-downloadurl=\"https:\/\/proco.se\/en\/download\/byggmatt-och-allmanna-riktlinjer-for-montage-av-blockeringsstos-typ-16-dn50-125\/?wpdmdl=1729&#038;refresh=69ee4c95d3db51777224853\">Download<\/a>\n            <\/div>\n        <\/div>\n    <\/div>\n<\/div>\n\n<\/div><div class='col-lg-12 col-md-12 col-12'><!-- WPDM Link Template: Default Template -->\n\n<div class=\"link-template-default card mb-2\">\n    <div class=\"card-body\">\n        <div class=\"media\">\n            <div class=\"mr-3 img-48\"><img decoding=\"async\" class=\"wpdm_icon\" alt=\"Icon\" src=\"https:\/\/proco.se\/wp-content\/plugins\/download-manager\/assets\/file-type-icons\/pdf.svg\" \/><\/div>\n            <div class=\"media-body\">\n                <h3 class=\"package-title\"><a href='https:\/\/proco.se\/en\/download\/byggmatt-och-allmanna-riktlinjer-for-montage-av-blockeringsstos-typ-12-dn150-300\/'>Byggm\u00e5tt och allm\u00e4nna riktlinjer f\u00f6r montage av blockeringsstos \u2013 Typ 12 DN150-300<\/a><\/h3>\n                <div class=\"text-muted text-small\"><i class=\"fas fa-copy\"><\/i> 1 file(s) <i class=\"fas fa-hdd ml-3\"><\/i> 2.40 MB<\/div>\n            <\/div>\n            <div class=\"ml-3\">\n                <a class='wpdm-download-link download-on-click btn btn-primary ' rel='nofollow' href='#' data-downloadurl=\"https:\/\/proco.se\/en\/download\/byggmatt-och-allmanna-riktlinjer-for-montage-av-blockeringsstos-typ-12-dn150-300\/?wpdmdl=1728&#038;refresh=69ee4c95d54c91777224853\">Download<\/a>\n            <\/div>\n        <\/div>\n    <\/div>\n<\/div>\n\n<\/div><div class='col-lg-12 col-md-12 col-12'><!-- WPDM Link Template: Default Template -->\n\n<div class=\"link-template-default card mb-2\">\n    <div class=\"card-body\">\n        <div class=\"media\">\n            <div class=\"mr-3 img-48\"><img decoding=\"async\" class=\"wpdm_icon\" alt=\"Icon\" src=\"https:\/\/proco.se\/wp-content\/plugins\/download-manager\/assets\/file-type-icons\/pdf.svg\" \/><\/div>\n            <div class=\"media-body\">\n                <h3 class=\"package-title\"><a href='https:\/\/proco.se\/en\/download\/byggmatt-och-allmanna-riktlinjer-for-montage-av-blockeringsstos-typ-12-dn20-125\/'>Byggm\u00e5tt och allm\u00e4nna riktlinjer f\u00f6r montage av blockeringsstos \u2013 Typ 12 DN20-125<\/a><\/h3>\n                <div class=\"text-muted text-small\"><i class=\"fas fa-copy\"><\/i> 1 file(s) <i class=\"fas fa-hdd ml-3\"><\/i> 2.52 MB<\/div>\n            <\/div>\n            <div class=\"ml-3\">\n                <a class='wpdm-download-link download-on-click btn btn-primary ' rel='nofollow' href='#' data-downloadurl=\"https:\/\/proco.se\/en\/download\/byggmatt-och-allmanna-riktlinjer-for-montage-av-blockeringsstos-typ-12-dn20-125\/?wpdmdl=1727&#038;refresh=69ee4c95d6d8c1777224853\">Download<\/a>\n            <\/div>\n        <\/div>\n    <\/div>\n<\/div>\n\n<\/div><div class='col-lg-12 col-md-12 col-12'><!-- WPDM Link Template: Default Template -->\n\n<div class=\"link-template-default card mb-2\">\n    <div class=\"card-body\">\n        <div class=\"media\">\n            <div class=\"mr-3 img-48\"><img decoding=\"async\" class=\"wpdm_icon\" alt=\"Icon\" src=\"https:\/\/proco.se\/wp-content\/plugins\/download-manager\/assets\/file-type-icons\/pdf.svg\" \/><\/div>\n            <div class=\"media-body\">\n                <h3 class=\"package-title\"><a href='https:\/\/proco.se\/en\/download\/byggmatt-och-allmanna-riktlinjer-for-montage-av-blockeringsstos\/'>Byggm\u00e5tt och allm\u00e4nna riktlinjer f\u00f6r montage av blockeringsstos<\/a><\/h3>\n                <div class=\"text-muted text-small\"><i class=\"fas fa-copy\"><\/i> 1 file(s) <i class=\"fas fa-hdd ml-3\"><\/i> 959.31 KB<\/div>\n            <\/div>\n            <div class=\"ml-3\">\n                <a class='wpdm-download-link download-on-click btn btn-primary ' rel='nofollow' href='#' data-downloadurl=\"https:\/\/proco.se\/en\/download\/byggmatt-och-allmanna-riktlinjer-for-montage-av-blockeringsstos\/?wpdmdl=1726&#038;refresh=69ee4c95d854b1777224853\">Download<\/a>\n            <\/div>\n        <\/div>\n    <\/div>\n<\/div>\n\n<\/div><\/div>            <div style='clear:both'><\/div><div class='text-center'><ul class='pagination wpdm-pagination pagination-centered text-center async'><\/ul><\/div><div style='clear:both'><\/div>        <\/div>\n\n        <div style='clear:both'><\/div>\n    <\/div>\n<\/div>\n<\/section><\/div>\n","protected":false},"excerpt":{"rendered":"<p>Technical documentation<\/p>\n","protected":false},"author":1,"featured_media":0,"parent":0,"menu_order":0,"comment_status":"closed","ping_status":"closed","template":"","meta":{"_monsterinsights_skip_tracking":false,"_monsterinsights_sitenote_active":false,"_monsterinsights_sitenote_note":"","_monsterinsights_sitenote_category":0,"footnotes":""},"class_list":["post-2150","page","type-page","status-publish"],"yoast_head":"<!-- This site is optimized with the Yoast SEO plugin v27.4 - https:\/\/yoast.com\/product\/yoast-seo-wordpress\/ -->\n<title>Technical documentation - Proco<\/title>\n<meta name=\"robots\" content=\"index, follow, max-snippet:-1, max-image-preview:large, max-video-preview:-1\" \/>\n<link rel=\"canonical\" href=\"https:\/\/proco.se\/en\/technical-documentation\/\" \/>\n<meta property=\"og:locale\" content=\"en_US\" \/>\n<meta property=\"og:type\" content=\"article\" \/>\n<meta property=\"og:title\" content=\"Technical documentation - Proco\" \/>\n<meta property=\"og:description\" content=\"Technical documentation\" \/>\n<meta property=\"og:url\" content=\"https:\/\/proco.se\/en\/technical-documentation\/\" \/>\n<meta property=\"og:site_name\" content=\"Proco\" \/>\n<meta property=\"article:publisher\" content=\"https:\/\/www.facebook.com\/procoservices\" \/>\n<meta property=\"article:modified_time\" content=\"2026-04-26T10:42:57+00:00\" \/>\n<meta name=\"twitter:card\" content=\"summary_large_image\" \/>\n<script type=\"application\/ld+json\" class=\"yoast-schema-graph\">{\"@context\":\"https:\\\/\\\/schema.org\",\"@graph\":[{\"@type\":\"WebPage\",\"@id\":\"https:\\\/\\\/proco.se\\\/en\\\/technical-documentation\\\/\",\"url\":\"https:\\\/\\\/proco.se\\\/en\\\/technical-documentation\\\/\",\"name\":\"Technical documentation - Proco\",\"isPartOf\":{\"@id\":\"https:\\\/\\\/proco.se\\\/en\\\/#website\"},\"datePublished\":\"2025-10-08T09:34:21+00:00\",\"dateModified\":\"2026-04-26T10:42:57+00:00\",\"breadcrumb\":{\"@id\":\"https:\\\/\\\/proco.se\\\/en\\\/technical-documentation\\\/#breadcrumb\"},\"inLanguage\":\"en-US\",\"potentialAction\":[{\"@type\":\"ReadAction\",\"target\":[\"https:\\\/\\\/proco.se\\\/en\\\/technical-documentation\\\/\"]}]},{\"@type\":\"BreadcrumbList\",\"@id\":\"https:\\\/\\\/proco.se\\\/en\\\/technical-documentation\\\/#breadcrumb\",\"itemListElement\":[{\"@type\":\"ListItem\",\"position\":1,\"name\":\"Hem\",\"item\":\"https:\\\/\\\/proco.se\\\/en\\\/\"},{\"@type\":\"ListItem\",\"position\":2,\"name\":\"Technical documentation\"}]},{\"@type\":\"WebSite\",\"@id\":\"https:\\\/\\\/proco.se\\\/en\\\/#website\",\"url\":\"https:\\\/\\\/proco.se\\\/en\\\/\",\"name\":\"Proco Services\",\"description\":\"H\u00e5llbara l\u00f6sningar f\u00f6r st\u00e4ndiga fl\u00f6den\",\"publisher\":{\"@id\":\"https:\\\/\\\/proco.se\\\/en\\\/#organization\"},\"alternateName\":\"Proco\",\"potentialAction\":[{\"@type\":\"SearchAction\",\"target\":{\"@type\":\"EntryPoint\",\"urlTemplate\":\"https:\\\/\\\/proco.se\\\/en\\\/?s={search_term_string}\"},\"query-input\":{\"@type\":\"PropertyValueSpecification\",\"valueRequired\":true,\"valueName\":\"search_term_string\"}}],\"inLanguage\":\"en-US\"},{\"@type\":\"Organization\",\"@id\":\"https:\\\/\\\/proco.se\\\/en\\\/#organization\",\"name\":\"Proco Services\",\"alternateName\":\"Proco\",\"url\":\"https:\\\/\\\/proco.se\\\/en\\\/\",\"logo\":{\"@type\":\"ImageObject\",\"inLanguage\":\"en-US\",\"@id\":\"https:\\\/\\\/proco.se\\\/en\\\/#\\\/schema\\\/logo\\\/image\\\/\",\"url\":\"https:\\\/\\\/proco.se\\\/wp-content\\\/uploads\\\/2025\\\/04\\\/Proco-Services-logotyp__rgb_negativ.png\",\"contentUrl\":\"https:\\\/\\\/proco.se\\\/wp-content\\\/uploads\\\/2025\\\/04\\\/Proco-Services-logotyp__rgb_negativ.png\",\"width\":842,\"height\":596,\"caption\":\"Proco Services\"},\"image\":{\"@id\":\"https:\\\/\\\/proco.se\\\/en\\\/#\\\/schema\\\/logo\\\/image\\\/\"},\"sameAs\":[\"https:\\\/\\\/www.facebook.com\\\/procoservices\"]}]}<\/script>\n<!-- \/ Yoast SEO plugin. -->","yoast_head_json":{"title":"Technical documentation - Proco","robots":{"index":"index","follow":"follow","max-snippet":"max-snippet:-1","max-image-preview":"max-image-preview:large","max-video-preview":"max-video-preview:-1"},"canonical":"https:\/\/proco.se\/en\/technical-documentation\/","og_locale":"en_US","og_type":"article","og_title":"Technical documentation - Proco","og_description":"Technical documentation","og_url":"https:\/\/proco.se\/en\/technical-documentation\/","og_site_name":"Proco","article_publisher":"https:\/\/www.facebook.com\/procoservices","article_modified_time":"2026-04-26T10:42:57+00:00","twitter_card":"summary_large_image","schema":{"@context":"https:\/\/schema.org","@graph":[{"@type":"WebPage","@id":"https:\/\/proco.se\/en\/technical-documentation\/","url":"https:\/\/proco.se\/en\/technical-documentation\/","name":"Technical documentation - Proco","isPartOf":{"@id":"https:\/\/proco.se\/en\/#website"},"datePublished":"2025-10-08T09:34:21+00:00","dateModified":"2026-04-26T10:42:57+00:00","breadcrumb":{"@id":"https:\/\/proco.se\/en\/technical-documentation\/#breadcrumb"},"inLanguage":"en-US","potentialAction":[{"@type":"ReadAction","target":["https:\/\/proco.se\/en\/technical-documentation\/"]}]},{"@type":"BreadcrumbList","@id":"https:\/\/proco.se\/en\/technical-documentation\/#breadcrumb","itemListElement":[{"@type":"ListItem","position":1,"name":"Hem","item":"https:\/\/proco.se\/en\/"},{"@type":"ListItem","position":2,"name":"Technical documentation"}]},{"@type":"WebSite","@id":"https:\/\/proco.se\/en\/#website","url":"https:\/\/proco.se\/en\/","name":"Proco Services","description":"H\u00e5llbara l\u00f6sningar f\u00f6r st\u00e4ndiga fl\u00f6den","publisher":{"@id":"https:\/\/proco.se\/en\/#organization"},"alternateName":"Proco","potentialAction":[{"@type":"SearchAction","target":{"@type":"EntryPoint","urlTemplate":"https:\/\/proco.se\/en\/?s={search_term_string}"},"query-input":{"@type":"PropertyValueSpecification","valueRequired":true,"valueName":"search_term_string"}}],"inLanguage":"en-US"},{"@type":"Organization","@id":"https:\/\/proco.se\/en\/#organization","name":"Proco Services","alternateName":"Proco","url":"https:\/\/proco.se\/en\/","logo":{"@type":"ImageObject","inLanguage":"en-US","@id":"https:\/\/proco.se\/en\/#\/schema\/logo\/image\/","url":"https:\/\/proco.se\/wp-content\/uploads\/2025\/04\/Proco-Services-logotyp__rgb_negativ.png","contentUrl":"https:\/\/proco.se\/wp-content\/uploads\/2025\/04\/Proco-Services-logotyp__rgb_negativ.png","width":842,"height":596,"caption":"Proco Services"},"image":{"@id":"https:\/\/proco.se\/en\/#\/schema\/logo\/image\/"},"sameAs":["https:\/\/www.facebook.com\/procoservices"]}]}},"_links":{"self":[{"href":"https:\/\/proco.se\/en\/wp-json\/wp\/v2\/pages\/2150","targetHints":{"allow":["GET"]}}],"collection":[{"href":"https:\/\/proco.se\/en\/wp-json\/wp\/v2\/pages"}],"about":[{"href":"https:\/\/proco.se\/en\/wp-json\/wp\/v2\/types\/page"}],"author":[{"embeddable":true,"href":"https:\/\/proco.se\/en\/wp-json\/wp\/v2\/users\/1"}],"replies":[{"embeddable":true,"href":"https:\/\/proco.se\/en\/wp-json\/wp\/v2\/comments?post=2150"}],"version-history":[{"count":2,"href":"https:\/\/proco.se\/en\/wp-json\/wp\/v2\/pages\/2150\/revisions"}],"predecessor-version":[{"id":2152,"href":"https:\/\/proco.se\/en\/wp-json\/wp\/v2\/pages\/2150\/revisions\/2152"}],"wp:attachment":[{"href":"https:\/\/proco.se\/en\/wp-json\/wp\/v2\/media?parent=2150"}],"curies":[{"name":"wp","href":"https:\/\/api.w.org\/{rel}","templated":true}]}}